{"id":881,"date":"2017-05-10T20:05:15","date_gmt":"2017-05-10T20:05:15","guid":{"rendered":"https:\/\/fogas.com.br\/?page_id=881"},"modified":"2025-07-18T13:04:58","modified_gmt":"2025-07-18T13:04:58","slug":"dicas-de-seguranca","status":"publish","type":"page","link":"https:\/\/fogas.com.br\/?page_id=881","title":{"rendered":"para Empresas &#8211; Dicas de Seguran\u00e7a"},"content":{"rendered":"\t\t<div data-elementor-type=\"wp-page\" data-elementor-id=\"881\" class=\"elementor elementor-881\" data-elementor-settings=\"[]\">\n\t\t\t\t\t\t<div class=\"elementor-inner\">\n\t\t\t\t\t\t\t<div class=\"elementor-section-wrap\">\n\t\t\t\t\t\t\t<section class=\"elementor-section elementor-top-section elementor-element elementor-element-qkmlvas elementor-section-boxed elementor-section-height-default elementor-section-height-default\" data-id=\"qkmlvas\" data-element_type=\"section\">\n\t\t\t\t\t\t<div class=\"elementor-container elementor-column-gap-default\">\n\t\t\t\t\t\t\t<div class=\"elementor-row\">\n\t\t\t\t\t<div class=\"elementor-column elementor-col-100 elementor-top-column elementor-element elementor-element-uadzjms\" data-id=\"uadzjms\" data-element_type=\"column\">\n\t\t\t<div class=\"elementor-column-wrap elementor-element-populated\">\n\t\t\t\t\t\t\t<div class=\"elementor-widget-wrap\">\n\t\t\t\t\t\t<div class=\"elementor-element elementor-element-dliqrio elementor-widget elementor-widget-heading\" data-id=\"dliqrio\" data-element_type=\"widget\" data-widget_type=\"heading.default\">\n\t\t\t\t<div class=\"elementor-widget-container\">\n\t\t\t<span class=\"elementor-heading-title elementor-size-default\">Para Empresas ><\/span>\t\t<\/div>\n\t\t\t\t<\/div>\n\t\t\t\t<div class=\"elementor-element elementor-element-szaimpx elementor-widget elementor-widget-heading\" data-id=\"szaimpx\" data-element_type=\"widget\" data-widget_type=\"heading.default\">\n\t\t\t\t<div class=\"elementor-widget-container\">\n\t\t\t<h1 class=\"elementor-heading-title elementor-size-default\">Dicas de Seguran\u00e7a<\/h1>\t\t<\/div>\n\t\t\t\t<\/div>\n\t\t\t\t\t\t<\/div>\n\t\t\t\t\t<\/div>\n\t\t<\/div>\n\t\t\t\t\t\t\t\t<\/div>\n\t\t\t\t\t<\/div>\n\t\t<\/section>\n\t\t\t\t<section class=\"elementor-section elementor-top-section elementor-element elementor-element-caxcqrv elementor-section-boxed elementor-section-height-default elementor-section-height-default\" data-id=\"caxcqrv\" data-element_type=\"section\">\n\t\t\t\t\t\t<div class=\"elementor-container elementor-column-gap-default\">\n\t\t\t\t\t\t\t<div class=\"elementor-row\">\n\t\t\t\t\t<div class=\"elementor-column elementor-col-33 elementor-top-column elementor-element elementor-element-xycaehd\" data-id=\"xycaehd\" data-element_type=\"column\">\n\t\t\t<div class=\"elementor-column-wrap elementor-element-populated\">\n\t\t\t\t\t\t\t<div class=\"elementor-widget-wrap\">\n\t\t\t\t\t\t<div class=\"elementor-element elementor-element-qhubpsw elementor-widget elementor-widget-image\" data-id=\"qhubpsw\" data-element_type=\"widget\" data-widget_type=\"image.default\">\n\t\t\t\t<div class=\"elementor-widget-container\">\n\t\t\t\t\t\t\t\t<div class=\"elementor-image\">\n\t\t\t\t\t\t\t\t\t\t\t\t<img loading=\"lazy\" decoding=\"async\" width=\"280\" height=\"280\" src=\"https:\/\/fogas.com.br\/app\/uploads\/2017\/05\/ILUSTRA-A.png\" class=\"attachment-medium_large size-medium_large\" alt=\"\" srcset=\"https:\/\/fogas.com.br\/app\/uploads\/2017\/05\/ILUSTRA-A.png 280w, https:\/\/fogas.com.br\/app\/uploads\/2017\/05\/ILUSTRA-A-150x150.png 150w, https:\/\/fogas.com.br\/app\/uploads\/2017\/05\/ILUSTRA-A-200x200.png 200w\" sizes=\"auto, (max-width: 280px) 100vw, 280px\" \/>\t\t\t\t\t\t\t\t\t\t\t\t\t\t<\/div>\n\t\t\t\t\t\t<\/div>\n\t\t\t\t<\/div>\n\t\t\t\t\t\t<\/div>\n\t\t\t\t\t<\/div>\n\t\t<\/div>\n\t\t\t\t<div class=\"elementor-column elementor-col-66 elementor-top-column elementor-element elementor-element-jkwcgud\" data-id=\"jkwcgud\" data-element_type=\"column\">\n\t\t\t<div class=\"elementor-column-wrap elementor-element-populated\">\n\t\t\t\t\t\t\t<div class=\"elementor-widget-wrap\">\n\t\t\t\t\t\t<div class=\"elementor-element elementor-element-oqktuim elementor-widget elementor-widget-heading\" data-id=\"oqktuim\" data-element_type=\"widget\" data-widget_type=\"heading.default\">\n\t\t\t\t<div class=\"elementor-widget-container\">\n\t\t\t<h4 class=\"elementor-heading-title elementor-size-default\"> <\/h4>\t\t<\/div>\n\t\t\t\t<\/div>\n\t\t\t\t<div class=\"elementor-element elementor-element-gjcqasu elementor-widget elementor-widget-text-editor\" data-id=\"gjcqasu\" data-element_type=\"widget\" data-widget_type=\"text-editor.default\">\n\t\t\t\t<div class=\"elementor-widget-container\">\n\t\t\t\t\t\t\t\t<div class=\"elementor-text-editor elementor-clearfix\">\n\t\t\t\t<ul><li>Nunca instale novos aparelhos el\u00e9tricos e m\u00e1quinas pr\u00f3ximas ao tanque de G\u00e1s LP sem a consulta pr\u00e9via.<\/li><li>N\u00e3o efetue modifica\u00e7\u00f5es ou obras na central de g\u00e1s sem comunicar e receber a concord\u00e2ncia da Fog\u00e1s.<\/li><li>Mantenha o celular e qualquer fonte de igni\u00e7\u00e3o fora da \u00e1rea de risco.<\/li><li>Desligue todos os fornos ou fontes de consumo do g\u00e1s e quaisquer outras fontes de igni\u00e7\u00e3o.<\/li><\/ul>\t\t\t\t\t<\/div>\n\t\t\t\t\t\t<\/div>\n\t\t\t\t<\/div>\n\t\t\t\t\t\t<\/div>\n\t\t\t\t\t<\/div>\n\t\t<\/div>\n\t\t\t\t\t\t\t\t<\/div>\n\t\t\t\t\t<\/div>\n\t\t<\/section>\n\t\t\t\t<section class=\"elementor-section elementor-top-section elementor-element elementor-element-lhasiqf elementor-section-boxed elementor-section-height-default elementor-section-height-default\" data-id=\"lhasiqf\" data-element_type=\"section\">\n\t\t\t\t\t\t<div class=\"elementor-container elementor-column-gap-default\">\n\t\t\t\t\t\t\t<div class=\"elementor-row\">\n\t\t\t\t\t<div class=\"elementor-column elementor-col-33 elementor-top-column elementor-element elementor-element-bdjbwti\" data-id=\"bdjbwti\" data-element_type=\"column\">\n\t\t\t<div class=\"elementor-column-wrap elementor-element-populated\">\n\t\t\t\t\t\t\t<div class=\"elementor-widget-wrap\">\n\t\t\t\t\t\t<div class=\"elementor-element elementor-element-pzvdphj elementor-widget elementor-widget-image\" data-id=\"pzvdphj\" data-element_type=\"widget\" data-widget_type=\"image.default\">\n\t\t\t\t<div class=\"elementor-widget-container\">\n\t\t\t\t\t\t\t\t<div class=\"elementor-image\">\n\t\t\t\t\t\t\t\t\t\t\t\t<img loading=\"lazy\" decoding=\"async\" width=\"280\" height=\"280\" src=\"https:\/\/fogas.com.br\/app\/uploads\/2017\/05\/ILUSTRA-B.png\" class=\"attachment-large size-large\" alt=\"\" srcset=\"https:\/\/fogas.com.br\/app\/uploads\/2017\/05\/ILUSTRA-B.png 280w, https:\/\/fogas.com.br\/app\/uploads\/2017\/05\/ILUSTRA-B-150x150.png 150w, https:\/\/fogas.com.br\/app\/uploads\/2017\/05\/ILUSTRA-B-200x200.png 200w\" sizes=\"auto, (max-width: 280px) 100vw, 280px\" \/>\t\t\t\t\t\t\t\t\t\t\t\t\t\t<\/div>\n\t\t\t\t\t\t<\/div>\n\t\t\t\t<\/div>\n\t\t\t\t\t\t<\/div>\n\t\t\t\t\t<\/div>\n\t\t<\/div>\n\t\t\t\t<div class=\"elementor-column elementor-col-66 elementor-top-column elementor-element elementor-element-nvelggh\" data-id=\"nvelggh\" data-element_type=\"column\">\n\t\t\t<div class=\"elementor-column-wrap elementor-element-populated\">\n\t\t\t\t\t\t\t<div class=\"elementor-widget-wrap\">\n\t\t\t\t\t\t<div class=\"elementor-element elementor-element-oynjwyp elementor-widget elementor-widget-heading\" data-id=\"oynjwyp\" data-element_type=\"widget\" data-widget_type=\"heading.default\">\n\t\t\t\t<div class=\"elementor-widget-container\">\n\t\t\t<h4 class=\"elementor-heading-title elementor-size-default\"> <\/h4>\t\t<\/div>\n\t\t\t\t<\/div>\n\t\t\t\t<div class=\"elementor-element elementor-element-yzfhmaw elementor-widget elementor-widget-text-editor\" data-id=\"yzfhmaw\" data-element_type=\"widget\" data-widget_type=\"text-editor.default\">\n\t\t\t\t<div class=\"elementor-widget-container\">\n\t\t\t\t\t\t\t\t<div class=\"elementor-text-editor elementor-clearfix\">\n\t\t\t\t<ul><li>Mantenha o campo limpo e desobstru\u00eddo de quaisquer materiais.<\/li><\/ul>\t\t\t\t\t<\/div>\n\t\t\t\t\t\t<\/div>\n\t\t\t\t<\/div>\n\t\t\t\t\t\t<\/div>\n\t\t\t\t\t<\/div>\n\t\t<\/div>\n\t\t\t\t\t\t\t\t<\/div>\n\t\t\t\t\t<\/div>\n\t\t<\/section>\n\t\t\t\t<section class=\"elementor-section elementor-top-section elementor-element elementor-element-yrqgqlu elementor-section-boxed elementor-section-height-default elementor-section-height-default\" data-id=\"yrqgqlu\" data-element_type=\"section\">\n\t\t\t\t\t\t<div class=\"elementor-container elementor-column-gap-default\">\n\t\t\t\t\t\t\t<div class=\"elementor-row\">\n\t\t\t\t\t<div class=\"elementor-column elementor-col-33 elementor-top-column elementor-element elementor-element-zbnljtf\" data-id=\"zbnljtf\" data-element_type=\"column\">\n\t\t\t<div class=\"elementor-column-wrap elementor-element-populated\">\n\t\t\t\t\t\t\t<div class=\"elementor-widget-wrap\">\n\t\t\t\t\t\t<div class=\"elementor-element elementor-element-tcxdaqs elementor-widget elementor-widget-image\" data-id=\"tcxdaqs\" data-element_type=\"widget\" data-widget_type=\"image.default\">\n\t\t\t\t<div class=\"elementor-widget-container\">\n\t\t\t\t\t\t\t\t<div class=\"elementor-image\">\n\t\t\t\t\t\t\t\t\t\t\t\t<img loading=\"lazy\" decoding=\"async\" width=\"280\" height=\"280\" src=\"https:\/\/fogas.com.br\/app\/uploads\/2017\/05\/ILUSTRA-C.png\" class=\"attachment-large size-large\" alt=\"\" srcset=\"https:\/\/fogas.com.br\/app\/uploads\/2017\/05\/ILUSTRA-C.png 280w, https:\/\/fogas.com.br\/app\/uploads\/2017\/05\/ILUSTRA-C-150x150.png 150w, https:\/\/fogas.com.br\/app\/uploads\/2017\/05\/ILUSTRA-C-200x200.png 200w\" sizes=\"auto, (max-width: 280px) 100vw, 280px\" \/>\t\t\t\t\t\t\t\t\t\t\t\t\t\t<\/div>\n\t\t\t\t\t\t<\/div>\n\t\t\t\t<\/div>\n\t\t\t\t\t\t<\/div>\n\t\t\t\t\t<\/div>\n\t\t<\/div>\n\t\t\t\t<div class=\"elementor-column elementor-col-66 elementor-top-column elementor-element elementor-element-wvjvhyk\" data-id=\"wvjvhyk\" data-element_type=\"column\">\n\t\t\t<div class=\"elementor-column-wrap elementor-element-populated\">\n\t\t\t\t\t\t\t<div class=\"elementor-widget-wrap\">\n\t\t\t\t\t\t<div class=\"elementor-element elementor-element-jdyqbdu elementor-widget elementor-widget-heading\" data-id=\"jdyqbdu\" data-element_type=\"widget\" data-widget_type=\"heading.default\">\n\t\t\t\t<div class=\"elementor-widget-container\">\n\t\t\t<h4 class=\"elementor-heading-title elementor-size-default\"> <\/h4>\t\t<\/div>\n\t\t\t\t<\/div>\n\t\t\t\t<div class=\"elementor-element elementor-element-vozpnrb elementor-widget elementor-widget-text-editor\" data-id=\"vozpnrb\" data-element_type=\"widget\" data-widget_type=\"text-editor.default\">\n\t\t\t\t<div class=\"elementor-widget-container\">\n\t\t\t\t\t\t\t\t<div class=\"elementor-text-editor elementor-clearfix\">\n\t\t\t\t<ul><li>Os tanques da Fog\u00e1s possuem tampa com chave. Somente pessoal autorizado pela empresa possui a chave para abrir esse dispositivo.<\/li><li>Mantenha sempre a quantidade correta de extintores de inc\u00eandio carregados, dentro da validade e desobstru\u00eddos, pr\u00f3ximos ao tanque de g\u00e1s.<\/li><li>\u00c9 proibida a presen\u00e7a de pessoas estranhas pr\u00f3ximas ao tanque.<\/li><li>N\u00e3o mude o tanque de local sem consultar a Fog\u00e1s.<\/li><\/ul>\t\t\t\t\t<\/div>\n\t\t\t\t\t\t<\/div>\n\t\t\t\t<\/div>\n\t\t\t\t\t\t<\/div>\n\t\t\t\t\t<\/div>\n\t\t<\/div>\n\t\t\t\t\t\t\t\t<\/div>\n\t\t\t\t\t<\/div>\n\t\t<\/section>\n\t\t\t\t<section class=\"elementor-section elementor-top-section elementor-element elementor-element-ignahbj elementor-section-boxed elementor-section-height-default elementor-section-height-default\" data-id=\"ignahbj\" data-element_type=\"section\">\n\t\t\t\t\t\t<div class=\"elementor-container elementor-column-gap-default\">\n\t\t\t\t\t\t\t<div class=\"elementor-row\">\n\t\t\t\t\t<div class=\"elementor-column elementor-col-33 elementor-top-column elementor-element elementor-element-slvmm8y\" data-id=\"slvmm8y\" data-element_type=\"column\">\n\t\t\t<div class=\"elementor-column-wrap elementor-element-populated\">\n\t\t\t\t\t\t\t<div class=\"elementor-widget-wrap\">\n\t\t\t\t\t\t<div class=\"elementor-element elementor-element-1jh0957 elementor-widget elementor-widget-image\" data-id=\"1jh0957\" data-element_type=\"widget\" data-widget_type=\"image.default\">\n\t\t\t\t<div class=\"elementor-widget-container\">\n\t\t\t\t\t\t\t\t<div class=\"elementor-image\">\n\t\t\t\t\t\t\t\t\t\t\t\t<img loading=\"lazy\" decoding=\"async\" width=\"280\" height=\"280\" src=\"https:\/\/fogas.com.br\/app\/uploads\/2017\/05\/ILUSTRA-D.png\" class=\"attachment-large size-large\" alt=\"\" srcset=\"https:\/\/fogas.com.br\/app\/uploads\/2017\/05\/ILUSTRA-D.png 280w, https:\/\/fogas.com.br\/app\/uploads\/2017\/05\/ILUSTRA-D-150x150.png 150w, https:\/\/fogas.com.br\/app\/uploads\/2017\/05\/ILUSTRA-D-200x200.png 200w\" sizes=\"auto, (max-width: 280px) 100vw, 280px\" \/>\t\t\t\t\t\t\t\t\t\t\t\t\t\t<\/div>\n\t\t\t\t\t\t<\/div>\n\t\t\t\t<\/div>\n\t\t\t\t\t\t<\/div>\n\t\t\t\t\t<\/div>\n\t\t<\/div>\n\t\t\t\t<div class=\"elementor-column elementor-col-66 elementor-top-column elementor-element elementor-element-nvbo6op\" data-id=\"nvbo6op\" data-element_type=\"column\">\n\t\t\t<div class=\"elementor-column-wrap elementor-element-populated\">\n\t\t\t\t\t\t\t<div class=\"elementor-widget-wrap\">\n\t\t\t\t\t\t<div class=\"elementor-element elementor-element-ffvkuvf elementor-widget elementor-widget-heading\" data-id=\"ffvkuvf\" data-element_type=\"widget\" data-widget_type=\"heading.default\">\n\t\t\t\t<div class=\"elementor-widget-container\">\n\t\t\t<h4 class=\"elementor-heading-title elementor-size-default\"> <\/h4>\t\t<\/div>\n\t\t\t\t<\/div>\n\t\t\t\t<div class=\"elementor-element elementor-element-fieyhlp elementor-widget elementor-widget-text-editor\" data-id=\"fieyhlp\" data-element_type=\"widget\" data-widget_type=\"text-editor.default\">\n\t\t\t\t<div class=\"elementor-widget-container\">\n\t\t\t\t\t\t\t\t<div class=\"elementor-text-editor elementor-clearfix\">\n\t\t\t\t<ul><li>Os cilindros da empilhadeira devem ser da empresa que instalou o Pit Stop.<\/li><li>N\u00e3o permita que ningu\u00e9m mexa ou opere o tanque. As \u00fanicas pessoas autorizadas s\u00e3o os t\u00e9cnicos da Fog\u00e1s.<\/li><li>N\u00e3o converse nem desvie a aten\u00e7\u00e3o do operador durante a opera\u00e7\u00e3o de abastecimento.<\/li><\/ul>\t\t\t\t\t<\/div>\n\t\t\t\t\t\t<\/div>\n\t\t\t\t<\/div>\n\t\t\t\t\t\t<\/div>\n\t\t\t\t\t<\/div>\n\t\t<\/div>\n\t\t\t\t\t\t\t\t<\/div>\n\t\t\t\t\t<\/div>\n\t\t<\/section>\n\t\t\t\t<section class=\"elementor-section elementor-top-section elementor-element elementor-element-mfn0fft elementor-section-boxed elementor-section-height-default elementor-section-height-default\" data-id=\"mfn0fft\" data-element_type=\"section\">\n\t\t\t\t\t\t<div class=\"elementor-container elementor-column-gap-default\">\n\t\t\t\t\t\t\t<div class=\"elementor-row\">\n\t\t\t\t\t<div class=\"elementor-column elementor-col-33 elementor-top-column elementor-element elementor-element-vsrayq9\" data-id=\"vsrayq9\" data-element_type=\"column\">\n\t\t\t<div class=\"elementor-column-wrap elementor-element-populated\">\n\t\t\t\t\t\t\t<div class=\"elementor-widget-wrap\">\n\t\t\t\t\t\t<div class=\"elementor-element elementor-element-2gzbniv elementor-widget elementor-widget-image\" data-id=\"2gzbniv\" data-element_type=\"widget\" data-widget_type=\"image.default\">\n\t\t\t\t<div class=\"elementor-widget-container\">\n\t\t\t\t\t\t\t\t<div class=\"elementor-image\">\n\t\t\t\t\t\t\t\t\t\t\t\t<img loading=\"lazy\" decoding=\"async\" width=\"280\" height=\"280\" src=\"https:\/\/fogas.com.br\/app\/uploads\/2017\/05\/ILUSTRA-E.png\" class=\"attachment-large size-large\" alt=\"\" srcset=\"https:\/\/fogas.com.br\/app\/uploads\/2017\/05\/ILUSTRA-E.png 280w, https:\/\/fogas.com.br\/app\/uploads\/2017\/05\/ILUSTRA-E-150x150.png 150w, https:\/\/fogas.com.br\/app\/uploads\/2017\/05\/ILUSTRA-E-200x200.png 200w\" sizes=\"auto, (max-width: 280px) 100vw, 280px\" \/>\t\t\t\t\t\t\t\t\t\t\t\t\t\t<\/div>\n\t\t\t\t\t\t<\/div>\n\t\t\t\t<\/div>\n\t\t\t\t\t\t<\/div>\n\t\t\t\t\t<\/div>\n\t\t<\/div>\n\t\t\t\t<div class=\"elementor-column elementor-col-66 elementor-top-column elementor-element elementor-element-gvcrbrm\" data-id=\"gvcrbrm\" data-element_type=\"column\">\n\t\t\t<div class=\"elementor-column-wrap elementor-element-populated\">\n\t\t\t\t\t\t\t<div class=\"elementor-widget-wrap\">\n\t\t\t\t\t\t<div class=\"elementor-element elementor-element-avy2an0 elementor-widget elementor-widget-heading\" data-id=\"avy2an0\" data-element_type=\"widget\" data-widget_type=\"heading.default\">\n\t\t\t\t<div class=\"elementor-widget-container\">\n\t\t\t<h4 class=\"elementor-heading-title elementor-size-default\"> <\/h4>\t\t<\/div>\n\t\t\t\t<\/div>\n\t\t\t\t<div class=\"elementor-element elementor-element-v082luw elementor-widget elementor-widget-text-editor\" data-id=\"v082luw\" data-element_type=\"widget\" data-widget_type=\"text-editor.default\">\n\t\t\t\t<div class=\"elementor-widget-container\">\n\t\t\t\t\t\t\t\t<div class=\"elementor-text-editor elementor-clearfix\">\n\t\t\t\t<ul><li>Todo material utilizado na instala\u00e7\u00e3o de G\u00e1s LP deve ser certificado pelo INMETRO.<\/li><li>Testar a cada 3 anos a estanqueidade de rede, conforme previsto na NBR 15358<\/li><\/ul>\t\t\t\t\t<\/div>\n\t\t\t\t\t\t<\/div>\n\t\t\t\t<\/div>\n\t\t\t\t\t\t<\/div>\n\t\t\t\t\t<\/div>\n\t\t<\/div>\n\t\t\t\t\t\t\t\t<\/div>\n\t\t\t\t\t<\/div>\n\t\t<\/section>\n\t\t\t\t<section class=\"elementor-section elementor-top-section elementor-element elementor-element-04cd47f elementor-section-boxed elementor-section-height-default elementor-section-height-default\" data-id=\"04cd47f\" data-element_type=\"section\">\n\t\t\t\t\t\t<div class=\"elementor-container elementor-column-gap-default\">\n\t\t\t\t\t\t\t<div class=\"elementor-row\">\n\t\t\t\t\t<div class=\"elementor-column elementor-col-100 elementor-top-column elementor-element elementor-element-e617a09\" data-id=\"e617a09\" data-element_type=\"column\">\n\t\t\t<div class=\"elementor-column-wrap elementor-element-populated\">\n\t\t\t\t\t\t\t<div class=\"elementor-widget-wrap\">\n\t\t\t\t\t\t<div class=\"elementor-element elementor-element-0ffd6d0 elementor-align-center elementor-widget elementor-widget-button\" data-id=\"0ffd6d0\" data-element_type=\"widget\" data-widget_type=\"button.default\">\n\t\t\t\t<div class=\"elementor-widget-container\">\n\t\t\t\t\t<div class=\"elementor-button-wrapper\">\n\t\t\t<a href=\"https:\/\/api.whatsapp.com\/send?phone=558007099292&#038;&#038;text=Ol\u00e1%20Fog\u00e1s%20\" class=\"elementor-button-link elementor-button elementor-size-sm\" role=\"button\">\n\t\t\t\t\t\t<span class=\"elementor-button-content-wrapper\">\n\t\t\t\t\t\t<span class=\"elementor-button-text\">Entre em Contato Conosco<\/span>\n\t\t<\/span>\n\t\t\t\t\t<\/a>\n\t\t<\/div>\n\t\t\t\t<\/div>\n\t\t\t\t<\/div>\n\t\t\t\t<div class=\"elementor-element elementor-element-c70a9b2 elementor-widget elementor-widget-image\" data-id=\"c70a9b2\" data-element_type=\"widget\" data-widget_type=\"image.default\">\n\t\t\t\t<div class=\"elementor-widget-container\">\n\t\t\t\t\t\t\t\t<div class=\"elementor-image\">\n\t\t\t\t\t\t\t\t\t\t\t\t\t<a href=\"https:\/\/api.whatsapp.com\/send?phone=558007099292&#038;&#038;text=Ol\u00e1%20Fog\u00e1s%20\">\n\t\t\t\t\t\t\t<img decoding=\"async\" src=\"https:\/\/fogas.com.br\/app\/uploads\/elementor\/thumbs\/whatsapp-logo-whatsapp-icon-whatsapp-transparent-free-png-r0rp8kumyphdn9xv3s6zmx700xrejmse81oe6lznd0.webp\" title=\"whatsapp-logo-whatsapp-icon-whatsapp-transparent-free-png\" alt=\"whatsapp-logo-whatsapp-icon-whatsapp-transparent-free-png\" \/>\t\t\t\t\t\t\t\t<\/a>\n\t\t\t\t\t\t\t\t\t\t\t\t\t\t<\/div>\n\t\t\t\t\t\t<\/div>\n\t\t\t\t<\/div>\n\t\t\t\t\t\t<\/div>\n\t\t\t\t\t<\/div>\n\t\t<\/div>\n\t\t\t\t\t\t\t\t<\/div>\n\t\t\t\t\t<\/div>\n\t\t<\/section>\n\t\t\t\t<section class=\"elementor-section elementor-top-section elementor-element elementor-element-c0b95d7 elementor-section-boxed elementor-section-height-default elementor-section-height-default\" data-id=\"c0b95d7\" data-element_type=\"section\">\n\t\t\t\t\t\t<div class=\"elementor-container elementor-column-gap-default\">\n\t\t\t\t\t\t\t<div class=\"elementor-row\">\n\t\t\t\t\t<div class=\"elementor-column elementor-col-100 elementor-top-column elementor-element elementor-element-4099298\" data-id=\"4099298\" data-element_type=\"column\">\n\t\t\t<div class=\"elementor-column-wrap elementor-element-populated\">\n\t\t\t\t\t\t\t<div class=\"elementor-widget-wrap\">\n\t\t\t\t\t\t<div class=\"elementor-element elementor-element-c481e94 elementor-widget elementor-widget-spacer\" data-id=\"c481e94\" data-element_type=\"widget\" data-widget_type=\"spacer.default\">\n\t\t\t\t<div class=\"elementor-widget-container\">\n\t\t\t\t\t<div class=\"elementor-spacer\">\n\t\t\t<div class=\"elementor-spacer-inner\"><\/div>\n\t\t<\/div>\n\t\t\t\t<\/div>\n\t\t\t\t<\/div>\n\t\t\t\t\t\t<\/div>\n\t\t\t\t\t<\/div>\n\t\t<\/div>\n\t\t\t\t\t\t\t\t<\/div>\n\t\t\t\t\t<\/div>\n\t\t<\/section>\n\t\t\t\t\t\t<\/div>\n\t\t\t\t\t\t<\/div>\n\t\t\t\t\t<\/div>\n\t\t","protected":false},"excerpt":{"rendered":"<p>Para Empresas > Dicas de Seguran\u00e7a Nunca instale novos aparelhos el\u00e9tricos e m\u00e1quinas pr\u00f3ximas ao tanque de G\u00e1s LP sem a consulta pr\u00e9via. N\u00e3o efetue modifica\u00e7\u00f5es ou obras na central de g\u00e1s sem comunicar e receber a concord\u00e2ncia da Fog\u00e1s. Mantenha o celular e qualquer fonte de igni\u00e7\u00e3o fora da \u00e1rea de risco. Desligue todos &hellip; <a href=\"https:\/\/fogas.com.br\/?page_id=881\">Continued<\/a><\/p>\n","protected":false},"author":1,"featured_media":0,"parent":854,"menu_order":0,"comment_status":"closed","ping_status":"closed","template":"","meta":{"footnotes":""},"class_list":["post-881","page","type-page","status-publish","hentry"],"_links":{"self":[{"href":"https:\/\/fogas.com.br\/index.php?rest_route=\/wp\/v2\/pages\/881","targetHints":{"allow":["GET"]}}],"collection":[{"href":"https:\/\/fogas.com.br\/index.php?rest_route=\/wp\/v2\/pages"}],"about":[{"href":"https:\/\/fogas.com.br\/index.php?rest_route=\/wp\/v2\/types\/page"}],"author":[{"embeddable":true,"href":"https:\/\/fogas.com.br\/index.php?rest_route=\/wp\/v2\/users\/1"}],"replies":[{"embeddable":true,"href":"https:\/\/fogas.com.br\/index.php?rest_route=%2Fwp%2Fv2%2Fcomments&post=881"}],"version-history":[{"count":12,"href":"https:\/\/fogas.com.br\/index.php?rest_route=\/wp\/v2\/pages\/881\/revisions"}],"predecessor-version":[{"id":4819,"href":"https:\/\/fogas.com.br\/index.php?rest_route=\/wp\/v2\/pages\/881\/revisions\/4819"}],"up":[{"embeddable":true,"href":"https:\/\/fogas.com.br\/index.php?rest_route=\/wp\/v2\/pages\/854"}],"wp:attachment":[{"href":"https:\/\/fogas.com.br\/index.php?rest_route=%2Fwp%2Fv2%2Fmedia&parent=881"}],"curies":[{"name":"wp","href":"https:\/\/api.w.org\/{rel}","templated":true}]}}