{"id":699,"date":"2017-04-11T19:00:14","date_gmt":"2017-04-11T19:00:14","guid":{"rendered":"https:\/\/fogas.com.br\/?page_id=699"},"modified":"2021-12-10T13:40:11","modified_gmt":"2021-12-10T13:40:11","slug":"perguntas-frequentes","status":"publish","type":"page","link":"https:\/\/fogas.com.br\/?page_id=699","title":{"rendered":"para Resid\u00eancias &#8211; Perguntas Frequentes"},"content":{"rendered":"\t\t<div data-elementor-type=\"wp-page\" data-elementor-id=\"699\" class=\"elementor elementor-699 elementor-bc-flex-widget\" data-elementor-settings=\"[]\">\n\t\t\t\t\t\t<div class=\"elementor-inner\">\n\t\t\t\t\t\t\t<div class=\"elementor-section-wrap\">\n\t\t\t\t\t\t\t<section class=\"elementor-section elementor-top-section elementor-element elementor-element-yxcrheo elementor-section-boxed elementor-section-height-default elementor-section-height-default\" data-id=\"yxcrheo\" data-element_type=\"section\">\n\t\t\t\t\t\t<div class=\"elementor-container elementor-column-gap-default\">\n\t\t\t\t\t\t\t<div class=\"elementor-row\">\n\t\t\t\t\t<div class=\"elementor-column elementor-col-100 elementor-top-column elementor-element elementor-element-albxdwu\" data-id=\"albxdwu\" data-element_type=\"column\">\n\t\t\t<div class=\"elementor-column-wrap elementor-element-populated\">\n\t\t\t\t\t\t\t<div class=\"elementor-widget-wrap\">\n\t\t\t\t\t\t<div class=\"elementor-element elementor-element-15thn1b elementor-widget elementor-widget-shortcode\" data-id=\"15thn1b\" data-element_type=\"widget\" data-widget_type=\"shortcode.default\">\n\t\t\t\t<div class=\"elementor-widget-container\">\n\t\t\t\t\t<div class=\"elementor-shortcode\"><span><strong class=\"breadcrumb_last\" aria-current=\"page\">Home<\/strong><\/span><\/div>\n\t\t\t\t<\/div>\n\t\t\t\t<\/div>\n\t\t\t\t<div class=\"elementor-element elementor-element-hjriqdd elementor-widget elementor-widget-heading\" data-id=\"hjriqdd\" data-element_type=\"widget\" data-widget_type=\"heading.default\">\n\t\t\t\t<div class=\"elementor-widget-container\">\n\t\t\t<h1 class=\"elementor-heading-title elementor-size-default\">Perguntas Frequentes<\/h1>\t\t<\/div>\n\t\t\t\t<\/div>\n\t\t\t\t<div class=\"elementor-element elementor-element-do1c01c elementor-widget elementor-widget-heading\" data-id=\"do1c01c\" data-element_type=\"widget\" data-widget_type=\"heading.default\">\n\t\t\t\t<div class=\"elementor-widget-container\">\n\t\t\t<h5 class=\"elementor-heading-title elementor-size-default\">Selecione as quest\u00f5es abaixo:<\/h5>\t\t<\/div>\n\t\t\t\t<\/div>\n\t\t\t\t<div class=\"elementor-element elementor-element-mag6qxs elementor-tabs-view-vertical elementor-widget elementor-widget-tabs\" data-id=\"mag6qxs\" data-element_type=\"widget\" data-widget_type=\"tabs.default\">\n\t\t\t\t<div class=\"elementor-widget-container\">\n\t\t\t\t\t<div class=\"elementor-tabs\">\n\t\t\t<div class=\"elementor-tabs-wrapper\" role=\"tablist\" >\n\t\t\t\t\t\t\t\t\t<div id=\"elementor-tab-title-1661\" class=\"elementor-tab-title elementor-tab-desktop-title\" aria-selected=\"true\" data-tab=\"1\" role=\"tab\" tabindex=\"0\" aria-controls=\"elementor-tab-content-1661\" aria-expanded=\"false\"><a href=\"\">Vazamento do botij\u00e3o antes de conectar<\/a><\/div>\n\t\t\t\t\t\t\t\t\t<div id=\"elementor-tab-title-1662\" class=\"elementor-tab-title elementor-tab-desktop-title\" aria-selected=\"false\" data-tab=\"2\" role=\"tab\" tabindex=\"-1\" aria-controls=\"elementor-tab-content-1662\" aria-expanded=\"false\"><a href=\"\">Vazamento no botij\u00e3o depois de conectar o regulador<\/a><\/div>\n\t\t\t\t\t\t\t\t\t<div id=\"elementor-tab-title-1663\" class=\"elementor-tab-title elementor-tab-desktop-title\" aria-selected=\"false\" data-tab=\"3\" role=\"tab\" tabindex=\"-1\" aria-controls=\"elementor-tab-content-1663\" aria-expanded=\"false\"><a href=\"\">O g\u00e1s est\u00e1 pretejando o fundo das panelas<\/a><\/div>\n\t\t\t\t\t\t\t\t\t<div id=\"elementor-tab-title-1664\" class=\"elementor-tab-title elementor-tab-desktop-title\" aria-selected=\"false\" data-tab=\"4\" role=\"tab\" tabindex=\"-1\" aria-controls=\"elementor-tab-content-1664\" aria-expanded=\"false\"><a href=\"\">Vazamento no regulador ou na mangueira<\/a><\/div>\n\t\t\t\t\t\t\t\t\t<div id=\"elementor-tab-title-1665\" class=\"elementor-tab-title elementor-tab-desktop-title\" aria-selected=\"false\" data-tab=\"5\" role=\"tab\" tabindex=\"-1\" aria-controls=\"elementor-tab-content-1665\" aria-expanded=\"false\"><a href=\"\">Vazamento no fog\u00e3o<\/a><\/div>\n\t\t\t\t\t\t\t\t\t<div id=\"elementor-tab-title-1666\" class=\"elementor-tab-title elementor-tab-desktop-title\" aria-selected=\"false\" data-tab=\"6\" role=\"tab\" tabindex=\"-1\" aria-controls=\"elementor-tab-content-1666\" aria-expanded=\"false\"><a href=\"\">Botij\u00e3o suando ou congelando<\/a><\/div>\n\t\t\t\t\t\t\t\t\t<div id=\"elementor-tab-title-1667\" class=\"elementor-tab-title elementor-tab-desktop-title\" aria-selected=\"false\" data-tab=\"7\" role=\"tab\" tabindex=\"-1\" aria-controls=\"elementor-tab-content-1667\" aria-expanded=\"false\"><a href=\"\">Botij\u00e3o conectado mas n\u00e3o acende<\/a><\/div>\n\t\t\t\t\t\t\t\t\t<div id=\"elementor-tab-title-1668\" class=\"elementor-tab-title elementor-tab-desktop-title\" aria-selected=\"false\" data-tab=\"8\" role=\"tab\" tabindex=\"-1\" aria-controls=\"elementor-tab-content-1668\" aria-expanded=\"false\"><a href=\"\">Botij\u00e3o abaixo do peso<\/a><\/div>\n\t\t\t\t\t\t\t\t\t<div id=\"elementor-tab-title-1669\" class=\"elementor-tab-title elementor-tab-desktop-title\" aria-selected=\"false\" data-tab=\"9\" role=\"tab\" tabindex=\"-1\" aria-controls=\"elementor-tab-content-1669\" aria-expanded=\"false\"><a href=\"\">Regulador com ru\u00eddos<\/a><\/div>\n\t\t\t\t\t\t\t<\/div>\n\t\t\t<div class=\"elementor-tabs-content-wrapper\" role=\"tablist\" aria-orientation=\"vertical\">\n\t\t\t\t\t\t\t\t\t<div class=\"elementor-tab-title elementor-tab-mobile-title\" aria-selected=\"true\" data-tab=\"1\" role=\"tab\" tabindex=\"0\" aria-controls=\"elementor-tab-content-1661\" aria-expanded=\"false\">Vazamento do botij\u00e3o antes de conectar<\/div>\n\t\t\t\t\t<div id=\"elementor-tab-content-1661\" class=\"elementor-tab-content elementor-clearfix\" data-tab=\"1\" role=\"tabpanel\" aria-labelledby=\"elementor-tab-title-1661\" tabindex=\"0\" hidden=\"false\"><h4>Vazamento no botij\u00e3o antes de conectar o regulador<\/h4><p style=\"text-align: left;\">Caso voc\u00ea perceba que seu botij\u00e3o est\u00e1 com vazamento de g\u00e1s, fa\u00e7a o teste com \u00e1gua e sab\u00e3o antes de conectar o seu regulador de g\u00e1s. Prepare uma mistura de \u00e1gua com sab\u00e3o e aplique na regi\u00e3o da v\u00e1lvula e plugue de seguran\u00e7a. Caso apare\u00e7am bolhas \u00e9 porque h\u00e1 vazamento. Evite fa\u00edscas e ligar ou desligar equipamentos el\u00e9tricos. Ventile o ambiente abrindo portas e janelas. Se poss\u00edvel, retire o botij\u00e3o para um ambiente externo.<\/p><p>Solicite assist\u00eancia \u00a0t\u00e9cnica Fog\u00e1s atrav\u00e9s do 0800 709 9292 . O seu botij\u00e3o ser\u00e1 substitu\u00eddo.<\/p><p>\u00a0<\/p><p><iframe loading=\"lazy\" src=\"https:\/\/www.youtube.com\/embed\/ZpoCeSVQtuU\" width=\"400\" height=\"315\" frameborder=\"0\" allowfullscreen=\"allowfullscreen\"><\/iframe><\/p><\/div>\n\t\t\t\t\t\t\t\t\t<div class=\"elementor-tab-title elementor-tab-mobile-title\" aria-selected=\"false\" data-tab=\"2\" role=\"tab\" tabindex=\"-1\" aria-controls=\"elementor-tab-content-1662\" aria-expanded=\"false\">Vazamento no botij\u00e3o depois de conectar o regulador<\/div>\n\t\t\t\t\t<div id=\"elementor-tab-content-1662\" class=\"elementor-tab-content elementor-clearfix\" data-tab=\"2\" role=\"tabpanel\" aria-labelledby=\"elementor-tab-title-1662\" tabindex=\"0\" hidden=\"hidden\"><h4>Vazamento no botij\u00e3o depois de conectar o regulador<\/h4><p>Voc\u00ea comprou seu botij\u00e3o de g\u00e1s e sentiu o odor caracter\u00edsticos de g\u00e1s?<\/p><p>Para ter certeza do vazamento, fa\u00e7a o teste aplicando uma mistura de \u00e1gua com sab\u00e3o na regi\u00e3o da v\u00e1lvula da botija onde est\u00e1 fixado o seu regulador. Caso apare\u00e7a bolhas \u00e9 porque h\u00e1 vazamento.<br \/>Evite fa\u00edscas e ligar ou desligar equipamentos el\u00e9tricos. Ventile o ambiente abrindo portas e janelas. Retire o botij\u00e3o para um ambiente externo.<br \/>Solicite assist\u00eancia t\u00e9cnica Fog\u00e1s atrav\u00e9s do 0800 709 9292.<br \/>Nunca utilize sab\u00e3o em barra para tentar sanar um vazamento. Isso far\u00e1 com que o cheiro do g\u00e1s seja retirado, mas o g\u00e1s continuar\u00e1 vazando.<\/p><p>\u00a0<\/p><p><iframe loading=\"lazy\" src=\"https:\/\/www.youtube.com\/embed\/PWffV7rkY3g\" width=\"400\" height=\"315\" frameborder=\"0\" allowfullscreen=\"allowfullscreen\"><\/iframe><\/p><\/div>\n\t\t\t\t\t\t\t\t\t<div class=\"elementor-tab-title elementor-tab-mobile-title\" aria-selected=\"false\" data-tab=\"3\" role=\"tab\" tabindex=\"-1\" aria-controls=\"elementor-tab-content-1663\" aria-expanded=\"false\">O g\u00e1s est\u00e1 pretejando o fundo das panelas<\/div>\n\t\t\t\t\t<div id=\"elementor-tab-content-1663\" class=\"elementor-tab-content elementor-clearfix\" data-tab=\"3\" role=\"tabpanel\" aria-labelledby=\"elementor-tab-title-1663\" tabindex=\"0\" hidden=\"hidden\"><h4>O g\u00e1s est\u00e1 pretejando o fundo das panelas<\/h4><p>O G\u00e1s Liquefeito de Petr\u00f3leo, tamb\u00e9m conhecido como g\u00e1s de cozinha, queima em sua totalidade e n\u00e3o forma fuligem quando queimado na propor\u00e7\u00e3o correta de combust\u00edvel e oxig\u00eanio.<br \/>Quando a mistura fica fora do especificado a chama fica amarela e forma mon\u00f3xido de carbono, que \u00e9 fuma\u00e7a preta. Logo, a chama fica amarela quando as bocas do fog\u00e3o est\u00e3o entupidas ou quando o g\u00e1s na botija est\u00e1 chegando ao fim.<br \/>Fa\u00e7a uma limpeza nos queimadores e injetores do seu fog\u00e3o para liberar a passagem de g\u00e1s e ar para que a mistura volte \u00e0 propor\u00e7\u00e3o correta. Assim suas panelas n\u00e3o ficar\u00e3o pretas.<\/p><p>\u00a0<\/p><p><iframe loading=\"lazy\" src=\"https:\/\/www.youtube.com\/embed\/gsIC_9snmBo\" width=\"400\" height=\"315\" frameborder=\"0\" allowfullscreen=\"allowfullscreen\"><\/iframe><\/p><\/div>\n\t\t\t\t\t\t\t\t\t<div class=\"elementor-tab-title elementor-tab-mobile-title\" aria-selected=\"false\" data-tab=\"4\" role=\"tab\" tabindex=\"-1\" aria-controls=\"elementor-tab-content-1664\" aria-expanded=\"false\">Vazamento no regulador ou na mangueira<\/div>\n\t\t\t\t\t<div id=\"elementor-tab-content-1664\" class=\"elementor-tab-content elementor-clearfix\" data-tab=\"4\" role=\"tabpanel\" aria-labelledby=\"elementor-tab-title-1664\" tabindex=\"0\" hidden=\"hidden\"><h4>Vazamento no regulador ou na mangueira<\/h4><p>O regulador e a mangueira fazem parte de conjunto de liga\u00e7\u00e3o do seu fog\u00e3o. S\u00e3o pe\u00e7as distintas que possuem prazo de validade de 5 anos a partir da data de fabrica\u00e7\u00e3o. Os pontos de vazamento podem ser na conex\u00e3o do fog\u00e3o com a mangueira, na parte atr\u00e1s do fog\u00e3o, na conex\u00e3o da mangueira com o regulador, e na conex\u00e3o do regulador com a botija. Ao identificar um vazamento nessas conex\u00f5es, desconecte o regulador imediatamente e adquira um novo conjunto de liga\u00e7\u00e3o com o seu revendedor mais pr\u00f3ximo, na Fog\u00e1s atrav\u00e9s do 0800 709 9292 ou em lojas especializadas. Escolha sempre produtos aprovados pelo Inmetro e com a marca da NBR estampadas nessas pe\u00e7as. Evite fa\u00edscas e ligar ou desligar equipamentos el\u00e9tricos. Ventile o ambiente abrindo portas e janelas.<\/p><p>\u00a0<\/p><p><iframe loading=\"lazy\" src=\"https:\/\/www.youtube.com\/embed\/v1YzoMmFOKU\" width=\"400\" height=\"315\" frameborder=\"0\" allowfullscreen=\"allowfullscreen\"><\/iframe><\/p><\/div>\n\t\t\t\t\t\t\t\t\t<div class=\"elementor-tab-title elementor-tab-mobile-title\" aria-selected=\"false\" data-tab=\"5\" role=\"tab\" tabindex=\"-1\" aria-controls=\"elementor-tab-content-1665\" aria-expanded=\"false\">Vazamento no fog\u00e3o<\/div>\n\t\t\t\t\t<div id=\"elementor-tab-content-1665\" class=\"elementor-tab-content elementor-clearfix\" data-tab=\"5\" role=\"tabpanel\" aria-labelledby=\"elementor-tab-title-1665\" tabindex=\"0\" hidden=\"hidden\"><h4>Vazamento no fog\u00e3o<\/h4><p>Vazamento no fog\u00e3o podem acontecer na sa\u00edda do g\u00e1s que fica atr\u00e1s do fog\u00e3o, nos queimadores ou no forno. Nesses casos, desligue o registro de g\u00e1s da botija e os queimadores do fog\u00e3o de imediato. Evite fa\u00edscas e ligar ou desligar equipamentos el\u00e9tricos. Ventile o ambiente abrindo portas e janelas. Entre em contato com a Assist\u00eancia T\u00e9cnica do fog\u00e3o. Recomendamos n\u00e3o voltar a utilizar o fog\u00e3o at\u00e9 que o problema seja resolvido.<\/p><p>\u00a0<\/p><p><iframe loading=\"lazy\" src=\"https:\/\/www.youtube.com\/embed\/ZBZ0kRd22xQ\" width=\"400\" height=\"315\" frameborder=\"0\" allowfullscreen=\"allowfullscreen\"><\/iframe><\/p><\/div>\n\t\t\t\t\t\t\t\t\t<div class=\"elementor-tab-title elementor-tab-mobile-title\" aria-selected=\"false\" data-tab=\"6\" role=\"tab\" tabindex=\"-1\" aria-controls=\"elementor-tab-content-1666\" aria-expanded=\"false\">Botij\u00e3o suando ou congelando<\/div>\n\t\t\t\t\t<div id=\"elementor-tab-content-1666\" class=\"elementor-tab-content elementor-clearfix\" data-tab=\"6\" role=\"tabpanel\" aria-labelledby=\"elementor-tab-title-1666\" tabindex=\"0\" hidden=\"hidden\"><h4>Botij\u00e3o suando ou congelando<\/h4><p>O seu equipamento est\u00e1 consumindo mais g\u00e1s que o botij\u00e3o pode suprir, ser\u00e1 necess\u00e1rio aumentar a vaz\u00e3o da central de g\u00e1s que voc\u00ea est\u00e1 usando para poder atender o seu consumo. Considere usar cilindros de 45kg ou g\u00e1s a Granel para suprir a demanda do equipamento. Botij\u00f5es suados n\u00e3o oferecem riscos significativos de seguran\u00e7a.<\/p><p>Solicite assist\u00eancia t\u00e9cnica no 0800 709 9292.<\/p><p>\u00a0<\/p><p><iframe loading=\"lazy\" src=\"https:\/\/www.youtube.com\/embed\/fWdEjiz6zVE\" width=\"400\" height=\"315\" frameborder=\"0\" allowfullscreen=\"allowfullscreen\"><\/iframe><\/p><\/div>\n\t\t\t\t\t\t\t\t\t<div class=\"elementor-tab-title elementor-tab-mobile-title\" aria-selected=\"false\" data-tab=\"7\" role=\"tab\" tabindex=\"-1\" aria-controls=\"elementor-tab-content-1667\" aria-expanded=\"false\">Botij\u00e3o conectado mas n\u00e3o acende<\/div>\n\t\t\t\t\t<div id=\"elementor-tab-content-1667\" class=\"elementor-tab-content elementor-clearfix\" data-tab=\"7\" role=\"tabpanel\" aria-labelledby=\"elementor-tab-title-1667\" tabindex=\"0\" hidden=\"hidden\"><h4>Botij\u00e3o conectado mas n\u00e3o acende<\/h4><p>Voc\u00ea acabou de trocar seu botij\u00e3o de g\u00e1s, mas o queimador do seu fog\u00e3o n\u00e3o est\u00e1 acendendo? Apesar de estar conectado na sua botija, o regulador n\u00e3o acionou a v\u00e1lvula e n\u00e3o liberou o g\u00e1s. Neste caso, voc\u00ea precisa solicitar Assist\u00eancia T\u00e9cnica atrav\u00e9s do 0800 709 9292 para que o t\u00e9cnico analise a situa\u00e7\u00e3o.<\/p><p>Se o problema for no seu regulador de g\u00e1s, n\u00e3o tente fazer voc\u00ea mesmo esse conserto. Voc\u00ea precisar\u00e1 adquirir uma nova pe\u00e7a com o seu revendedor mais pr\u00f3ximo, na Fog\u00e1s ou em lojas especializadas.<\/p><p>Se o problema puder ser resolvido no local, o t\u00e9cnico liberar\u00e1 a botija para uso. Caso contr\u00e1rio, a sua botija ser\u00e1 substitu\u00edda. Mas somente o t\u00e9cnico pode fazer essa avalia\u00e7\u00e3o.<\/p><p>\u00a0<\/p><p><iframe loading=\"lazy\" src=\"https:\/\/www.youtube.com\/embed\/y76IZbcjEiA\" width=\"400\" height=\"315\" frameborder=\"0\" allowfullscreen=\"allowfullscreen\"><\/iframe><\/p><\/div>\n\t\t\t\t\t\t\t\t\t<div class=\"elementor-tab-title elementor-tab-mobile-title\" aria-selected=\"false\" data-tab=\"8\" role=\"tab\" tabindex=\"-1\" aria-controls=\"elementor-tab-content-1668\" aria-expanded=\"false\">Botij\u00e3o abaixo do peso<\/div>\n\t\t\t\t\t<div id=\"elementor-tab-content-1668\" class=\"elementor-tab-content elementor-clearfix\" data-tab=\"8\" role=\"tabpanel\" aria-labelledby=\"elementor-tab-title-1668\" tabindex=\"0\" hidden=\"hidden\"><h4>Botij\u00e3o abaixo do peso<\/h4><p>O sistema de enchimento dos botij\u00f5es Fog\u00e1s garantem a quantidade efetiva de g\u00e1s, ressalvadas pelas determina\u00e7\u00f5es da Portaria INMETRO n\u00ba 225\/2009. Recomendamos a compra do botij\u00e3o de g\u00e1s exclusivamente em revendas autorizadas pela ANP ( Ag\u00eancia Nacional de Petr\u00f3leo, G\u00e1s Natural e Biocombust\u00edveis) e que os botij\u00f5es estejam devidamente lacrados. Somente isso garante que n\u00e3o houve adultera\u00e7\u00e3o do produto at\u00e9 a chegada em sua resid\u00eancia. Todas as revendas autorizadas Fog\u00e1s possuem balan\u00e7as a disposi\u00e7\u00e3o dos clientes para verifica\u00e7\u00e3o de peso.<\/p><p>\u00a0<\/p><p><iframe loading=\"lazy\" src=\"https:\/\/www.youtube.com\/embed\/xX-nW6C2JBk\" width=\"400\" height=\"315\" frameborder=\"0\" allowfullscreen=\"allowfullscreen\"><\/iframe><\/p><\/div>\n\t\t\t\t\t\t\t\t\t<div class=\"elementor-tab-title elementor-tab-mobile-title\" aria-selected=\"false\" data-tab=\"9\" role=\"tab\" tabindex=\"-1\" aria-controls=\"elementor-tab-content-1669\" aria-expanded=\"false\">Regulador com ru\u00eddos<\/div>\n\t\t\t\t\t<div id=\"elementor-tab-content-1669\" class=\"elementor-tab-content elementor-clearfix\" data-tab=\"9\" role=\"tabpanel\" aria-labelledby=\"elementor-tab-title-1669\" tabindex=\"0\" hidden=\"hidden\"><h4>Regulador com ru\u00eddos<\/h4><p>\u00c9 normal algum n\u00edvel de chiado no regulador de g\u00e1s do botij\u00e3o. Contudo, se o n\u00edvel de chiado for acima do usual, substitua o regulador por outro novo. A botija de g\u00e1s n\u00e3o promove chiados elevados. N\u00e3o tente fazer voc\u00ea mesmo esse conserto no regulador de g\u00e1s e nem adquira reguladores de segunda m\u00e3o. Adquira uma nova pe\u00e7a com o seu revendedor mais pr\u00f3ximo, na Fog\u00e1s ou em lojas especializadas. Assegure-se que seu regulador \u00e9 aprovado pelo Inmetro e possui a marca da NBR estampada na pe\u00e7a. Tanto o regulador quanto a mangueira possuem validade de 5 anos a partir da data de fabrica\u00e7\u00e3o.<\/p><p>\u00a0<\/p><p><iframe loading=\"lazy\" src=\"https:\/\/www.youtube.com\/embed\/P_bV3CQDNr8\" width=\"400\" height=\"315\" frameborder=\"0\" allowfullscreen=\"allowfullscreen\"><\/iframe><\/p><\/div>\n\t\t\t\t\t\t\t<\/div>\n\t\t<\/div>\n\t\t\t\t<\/div>\n\t\t\t\t<\/div>\n\t\t\t\t\t\t<\/div>\n\t\t\t\t\t<\/div>\n\t\t<\/div>\n\t\t\t\t\t\t\t\t<\/div>\n\t\t\t\t\t<\/div>\n\t\t<\/section>\n\t\t\t\t<section class=\"elementor-section elementor-top-section elementor-element elementor-element-b750wau elementor-section-boxed elementor-section-height-default elementor-section-height-default\" data-id=\"b750wau\" data-element_type=\"section\">\n\t\t\t\t\t\t<div class=\"elementor-container elementor-column-gap-default\">\n\t\t\t\t\t\t\t<div class=\"elementor-row\">\n\t\t\t\t\t<div class=\"elementor-column elementor-col-100 elementor-top-column elementor-element elementor-element-t7yybrk\" data-id=\"t7yybrk\" data-element_type=\"column\">\n\t\t\t<div class=\"elementor-column-wrap elementor-element-populated\">\n\t\t\t\t\t\t\t<div class=\"elementor-widget-wrap\">\n\t\t\t\t\t\t<div class=\"elementor-element elementor-element-wazm3qv elementor-widget elementor-widget-html\" data-id=\"wazm3qv\" data-element_type=\"widget\" data-widget_type=\"html.default\">\n\t\t\t\t<div class=\"elementor-widget-container\">\n\t\t\t<script type=\"text\/javascript\">\r\nfunction remove() {\r\n\tjQuery(\".elementor-tab-title[data-tab='\"+dataItem+\"']\").removeClass(\"active\");\r\n\tjQuery(\".elementor-tab-content[data-tab='\"+dataItem+\"']\").hide();\r\n};\r\nif (screen.width < 768) { \r\n\tjQuery(\".elementor-tab-title\").click(function() {\r\n\t\tif (jQuery(this).hasClass(\"active\")) {\r\n\t\t\tdataItem = jQuery(this).attr(\"data-tab\");\r\n\t\t\tsetTimeout (remove,500);\t\t\t\r\n\t\t}\r\n\t});\r\n} \r\n<\/script>\t\t<\/div>\n\t\t\t\t<\/div>\n\t\t\t\t\t\t<\/div>\n\t\t\t\t\t<\/div>\n\t\t<\/div>\n\t\t\t\t\t\t\t\t<\/div>\n\t\t\t\t\t<\/div>\n\t\t<\/section>\n\t\t\t\t\t\t<\/div>\n\t\t\t\t\t\t<\/div>\n\t\t\t\t\t<\/div>\n\t\t","protected":false},"excerpt":{"rendered":"<p>Perguntas Frequentes Selecione as quest\u00f5es abaixo: Vazamento do botij\u00e3o antes de conectar Vazamento no botij\u00e3o depois de conectar o regulador O g\u00e1s est\u00e1 pretejando o fundo das panelas Vazamento no regulador ou na mangueira Vazamento no fog\u00e3o Botij\u00e3o suando ou congelando Botij\u00e3o conectado mas n\u00e3o acende Botij\u00e3o abaixo do peso Regulador com ru\u00eddos Vazamento do &hellip; <a href=\"https:\/\/fogas.com.br\/?page_id=699\">Continued<\/a><\/p>\n","protected":false},"author":1,"featured_media":0,"parent":537,"menu_order":0,"comment_status":"closed","ping_status":"closed","template":"","meta":{"footnotes":""},"class_list":["post-699","page","type-page","status-publish","hentry"],"_links":{"self":[{"href":"https:\/\/fogas.com.br\/index.php?rest_route=\/wp\/v2\/pages\/699","targetHints":{"allow":["GET"]}}],"collection":[{"href":"https:\/\/fogas.com.br\/index.php?rest_route=\/wp\/v2\/pages"}],"about":[{"href":"https:\/\/fogas.com.br\/index.php?rest_route=\/wp\/v2\/types\/page"}],"author":[{"embeddable":true,"href":"https:\/\/fogas.com.br\/index.php?rest_route=\/wp\/v2\/users\/1"}],"replies":[{"embeddable":true,"href":"https:\/\/fogas.com.br\/index.php?rest_route=%2Fwp%2Fv2%2Fcomments&post=699"}],"version-history":[{"count":2,"href":"https:\/\/fogas.com.br\/index.php?rest_route=\/wp\/v2\/pages\/699\/revisions"}],"predecessor-version":[{"id":3988,"href":"https:\/\/fogas.com.br\/index.php?rest_route=\/wp\/v2\/pages\/699\/revisions\/3988"}],"up":[{"embeddable":true,"href":"https:\/\/fogas.com.br\/index.php?rest_route=\/wp\/v2\/pages\/537"}],"wp:attachment":[{"href":"https:\/\/fogas.com.br\/index.php?rest_route=%2Fwp%2Fv2%2Fmedia&parent=699"}],"curies":[{"name":"wp","href":"https:\/\/api.w.org\/{rel}","templated":true}]}}