{"id":4842,"date":"2025-12-22T14:50:29","date_gmt":"2025-12-22T14:50:29","guid":{"rendered":"https:\/\/fogas.com.br\/?page_id=4842"},"modified":"2026-01-27T12:46:57","modified_gmt":"2026-01-27T12:46:57","slug":"para-residencias-gas-do-povo","status":"publish","type":"page","link":"https:\/\/fogas.com.br\/?page_id=4842","title":{"rendered":"para Resid\u00eancias &#8211; G\u00e1s do Povo"},"content":{"rendered":"\t\t<div data-elementor-type=\"wp-page\" data-elementor-id=\"4842\" class=\"elementor elementor-4842\" data-elementor-settings=\"[]\">\n\t\t\t\t\t\t<div class=\"elementor-inner\">\n\t\t\t\t\t\t\t<div class=\"elementor-section-wrap\">\n\t\t\t\t\t\t\t<section class=\"elementor-section elementor-top-section elementor-element elementor-element-qbptxco elementor-section-boxed elementor-section-height-default elementor-section-height-default\" data-id=\"qbptxco\" data-element_type=\"section\">\n\t\t\t\t\t\t<div class=\"elementor-container elementor-column-gap-default\">\n\t\t\t\t\t\t\t<div class=\"elementor-row\">\n\t\t\t\t\t<div class=\"elementor-column elementor-col-100 elementor-top-column elementor-element elementor-element-hlghihz\" data-id=\"hlghihz\" data-element_type=\"column\">\n\t\t\t<div class=\"elementor-column-wrap elementor-element-populated\">\n\t\t\t\t\t\t\t<div class=\"elementor-widget-wrap\">\n\t\t\t\t\t\t<div class=\"elementor-element elementor-element-kxk9ilc elementor-widget elementor-widget-shortcode\" data-id=\"kxk9ilc\" data-element_type=\"widget\" data-widget_type=\"shortcode.default\">\n\t\t\t\t<div class=\"elementor-widget-container\">\n\t\t\t\t\t<div class=\"elementor-shortcode\"><span><strong class=\"breadcrumb_last\" aria-current=\"page\">Home<\/strong><\/span><\/div>\n\t\t\t\t<\/div>\n\t\t\t\t<\/div>\n\t\t\t\t<div class=\"elementor-element elementor-element-wxrpfqr elementor-widget elementor-widget-heading\" data-id=\"wxrpfqr\" data-element_type=\"widget\" data-widget_type=\"heading.default\">\n\t\t\t\t<div class=\"elementor-widget-container\">\n\t\t\t<h1 class=\"elementor-heading-title elementor-size-large\"><b>G\u00c1S DO POVO<\/b> - Sua Carga de G\u00e1s 13kg Gr\u00e1tis na Fog\u00e1s\n<\/h1>\t\t<\/div>\n\t\t\t\t<\/div>\n\t\t\t\t<div class=\"elementor-element elementor-element-yji1o9e elementor-widget elementor-widget-text-editor\" data-id=\"yji1o9e\" data-element_type=\"widget\" data-widget_type=\"text-editor.default\">\n\t\t\t\t<div class=\"elementor-widget-container\">\n\t\t\t\t\t\t\t\t<div class=\"elementor-text-editor elementor-clearfix\">\n\t\t\t\t<p><b style=\"color: inherit; font-family: inherit; font-size: 1.5rem;\">Como funciona o programa?<\/b><\/p>\n<p><span style=\"font-weight: 400;\">Diferente do modelo antigo, voc\u00ea n\u00e3o recebe mais o dinheiro na conta. Agora, voc\u00ea retira a sua recarga de 13kg (botij\u00e3o P13) gratuitamente direto em nossas revendas autorizadas inscritas no programa.<\/span><\/p>\t\t\t\t\t<\/div>\n\t\t\t\t\t\t<\/div>\n\t\t\t\t<\/div>\n\t\t\t\t<div class=\"elementor-element elementor-element-d67307e elementor-widget elementor-widget-text-editor\" data-id=\"d67307e\" data-element_type=\"widget\" data-widget_type=\"text-editor.default\">\n\t\t\t\t<div class=\"elementor-widget-container\">\n\t\t\t\t\t\t\t\t<div class=\"elementor-text-editor elementor-clearfix\">\n\t\t\t\t<h3><b>Quem tem direito ao benef\u00edcio?<\/b><\/h3><p><span style=\"font-weight: 400;\">Para participar, sua fam\u00edlia deve atender aos seguintes crit\u00e9rios:<\/span><\/p><ul><li style=\"font-weight: 400;\" aria-level=\"1\"><span style=\"font-weight: 400;\">Estar inscrita no Cad\u00danico com renda familiar mensal de at\u00e9 meio sal\u00e1rio-m\u00ednimo por pessoa.<\/span><\/li><li style=\"font-weight: 400;\" aria-level=\"1\"><span style=\"font-weight: 400;\">Possuir registro no Cad\u00danico atualizado nos \u00faltimos 24 meses.<\/span><\/li><li style=\"font-weight: 400;\" aria-level=\"1\"><span style=\"font-weight: 400;\">O programa prioriza fam\u00edlias benefici\u00e1rias de programas sociais do Governo Federal.<\/span><\/li><\/ul>\t\t\t\t\t<\/div>\n\t\t\t\t\t\t<\/div>\n\t\t\t\t<\/div>\n\t\t\t\t<div class=\"elementor-element elementor-element-2e1a2e1 elementor-widget elementor-widget-text-editor\" data-id=\"2e1a2e1\" data-element_type=\"widget\" data-widget_type=\"text-editor.default\">\n\t\t\t\t<div class=\"elementor-widget-container\">\n\t\t\t\t\t\t\t\t<div class=\"elementor-text-editor elementor-clearfix\">\n\t\t\t\t<h3><b>Quantos botij\u00f5es minha fam\u00edlia recebe por ano?<\/b><\/h3><p><span style=\"font-weight: 400;\">A quantidade de recargas gratuitas \u00e9 definida pelo tamanho da sua fam\u00edlia:<\/span><\/p><ul><li style=\"font-weight: 400;\" aria-level=\"1\"><b>Fam\u00edlia com 1 integrante: <\/b><span style=\"font-weight: 400;\">N\u00e3o possui cota de botij\u00f5es nesta modalidade.<\/span><\/li><li style=\"font-weight: 400;\" aria-level=\"1\"><b>Fam\u00edlia com 2 ou 3 integrantes: <\/b><span style=\"font-weight: 400;\">Direito a 4 botij\u00f5es por ano.<\/span><\/li><li style=\"font-weight: 400;\" aria-level=\"1\"><b>Fam\u00edlia com 4 ou mais integrantes: <\/b><span style=\"font-weight: 400;\">Direito a 6 botij\u00f5es por ano.<\/span><\/li><\/ul>\t\t\t\t\t<\/div>\n\t\t\t\t\t\t<\/div>\n\t\t\t\t<\/div>\n\t\t\t\t<div class=\"elementor-element elementor-element-9bd77e8 elementor-widget elementor-widget-text-editor\" data-id=\"9bd77e8\" data-element_type=\"widget\" data-widget_type=\"text-editor.default\">\n\t\t\t\t<div class=\"elementor-widget-container\">\n\t\t\t\t\t\t\t\t<div class=\"elementor-text-editor elementor-clearfix\">\n\t\t\t\t<h3><b>Onde encontrar uma revenda Fog\u00e1s participante?<\/b><\/h3><p><span style=\"font-weight: 400;\">O programa est\u00e1 sendo implantado de forma gradual. Confira onde voc\u00ea pode retirar seu benef\u00edcio:<\/span><\/p><ul><li style=\"font-weight: 400;\" aria-level=\"1\"><b>Capitais Atendidas dentro da \u00e1rea de atua\u00e7\u00e3o da Fog\u00e1s:<\/b><span style=\"font-weight: 400;\"> Manaus(AM), Porto Velho(RO), Boa Vista(RR), Macap\u00e1(AP), Cuiab\u00e1(MT) e S\u00e3o Paulo(SP).<\/span><\/li><li style=\"font-weight: 400;\" aria-level=\"1\"><b>Identifica\u00e7\u00e3o F\u00e1cil:<\/b><span style=\"font-weight: 400;\"> Procure pelo banner oficial do Programa G\u00e1s do Povo fixado na fachada das revendas Fog\u00e1s.<\/span><\/li><li style=\"font-weight: 400;\" aria-level=\"1\"><b>Localize pelo App:<\/b><span style=\"font-weight: 400;\"> Baixe o App Fog\u00e1s para encontrar em tempo real as revendas autorizadas mais pr\u00f3ximas de voc\u00ea inscritas no programa G\u00e1s do Povo para melhor te atender. Elas possuem uma sinaliza\u00e7\u00e3o exclusiva no aplicativo.<\/span><\/li><\/ul>\t\t\t\t\t<\/div>\n\t\t\t\t\t\t<\/div>\n\t\t\t\t<\/div>\n\t\t\t\t<div class=\"elementor-element elementor-element-97dc130 elementor-widget elementor-widget-text-editor\" data-id=\"97dc130\" data-element_type=\"widget\" data-widget_type=\"text-editor.default\">\n\t\t\t\t<div class=\"elementor-widget-container\">\n\t\t\t\t\t\t\t\t<div class=\"elementor-text-editor elementor-clearfix\">\n\t\t\t\t<h3><b>Onde encontrar uma revenda Fog\u00e1s participante?<\/b><\/h3><p><span style=\"font-weight: 400;\">O programa est\u00e1 sendo implantado de forma gradual. Confira onde voc\u00ea pode retirar seu benef\u00edcio:\u00a0<\/span><\/p><ul><li style=\"font-weight: 400;\" aria-level=\"1\"><b>Capitais Atendidas dentro da \u00e1rea de atua\u00e7\u00e3o da Fog\u00e1s:<\/b><span style=\"font-weight: 400;\"> Manaus(AM), Porto Velho(RO), Boa Vista(RR), Macap\u00e1(AP), Cuiab\u00e1(MT) e S\u00e3o Paulo(SP).<\/span><\/li><li style=\"font-weight: 400;\" aria-level=\"1\"><b>Identifica\u00e7\u00e3o F\u00e1cil:<\/b><span style=\"font-weight: 400;\"> Procure pelo banner oficial do Programa G\u00e1s do Povo fixado na fachada das revendas Fog\u00e1s.<\/span><\/li><li style=\"font-weight: 400;\" aria-level=\"1\"><b>Localize pelo App:<\/b><span style=\"font-weight: 400;\"> Baixe o App Fog\u00e1s para encontrar em tempo real as revendas autorizadas mais pr\u00f3ximas de voc\u00ea inscritas no programa G\u00e1s do Povo para melhor te atender. Elas possuem uma sinaliza\u00e7\u00e3o exclusiva no aplicativo.<\/span><\/li><\/ul>\t\t\t\t\t<\/div>\n\t\t\t\t\t\t<\/div>\n\t\t\t\t<\/div>\n\t\t\t\t<div class=\"elementor-element elementor-element-2af971a elementor-widget elementor-widget-text-editor\" data-id=\"2af971a\" data-element_type=\"widget\" data-widget_type=\"text-editor.default\">\n\t\t\t\t<div class=\"elementor-widget-container\">\n\t\t\t\t\t\t\t\t<div class=\"elementor-text-editor elementor-clearfix\">\n\t\t\t\t<h3><b>Passo a Passo para retirar seu botij\u00e3o<\/b><\/h3><ol><li style=\"font-weight: 400;\" aria-level=\"1\"><b>Consulte o App Fog\u00e1s:<\/b><span style=\"font-weight: 400;\"> Identifique a revenda habilitada mais pr\u00f3xima.<\/span><\/li><li style=\"font-weight: 400;\" aria-level=\"1\"><b>V\u00e1 at\u00e9 a Revenda:<\/b><span style=\"font-weight: 400;\"> Leve seu CPF e um documento oficial com foto.<\/span><\/li><li style=\"font-weight: 400;\" aria-level=\"1\"><b>Apresente a Valida\u00e7\u00e3o:<\/b><span style=\"font-weight: 400;\"> Voc\u00ea pode utilizar o cart\u00e3o da conta CAIXA, o cart\u00e3o Bolsa Fam\u00edlia ou um c\u00f3digo de valida\u00e7\u00e3o (token) gerado pelo governo.<\/span><\/li><li style=\"font-weight: 400;\" aria-level=\"1\"><b>Processamento na &#8220;Azulzinha&#8221;: <\/b><span style=\"font-weight: 400;\">O revendedor far\u00e1 a valida\u00e7\u00e3o na maquininha da CAIXA. Ap\u00f3s a aprova\u00e7\u00e3o, voc\u00ea recebe sua recarga.<\/span><\/li><li style=\"font-weight: 400;\" aria-level=\"1\"><b>Troca de Vasilhame:<\/b><span style=\"font-weight: 400;\"> N\u00e3o esque\u00e7a de levar seu botij\u00e3o vazio em boas condi\u00e7\u00f5es para realizar a troca.<\/span><\/li><\/ol><p><b>Aten\u00e7\u00e3o sobre Entrega: <\/b><span style=\"font-weight: 400;\">O benef\u00edcio do governo cobre o valor da recarga no balc\u00e3o da revenda. Caso voc\u00ea prefira receber em casa, a taxa de entrega (frete) deve ser paga diretamente \u00e0 revenda.<\/span><\/p>\t\t\t\t\t<\/div>\n\t\t\t\t\t\t<\/div>\n\t\t\t\t<\/div>\n\t\t\t\t<div class=\"elementor-element elementor-element-be3f4aa elementor-widget elementor-widget-text-editor\" data-id=\"be3f4aa\" data-element_type=\"widget\" data-widget_type=\"text-editor.default\">\n\t\t\t\t<div class=\"elementor-widget-container\">\n\t\t\t\t\t\t\t\t<div class=\"elementor-text-editor elementor-clearfix\">\n\t\t\t\t<h3><b>Perguntas Frequentes (FAQ)<\/b><\/h3><ol><li style=\"list-style-type: none;\"><ol><li style=\"font-weight: 400;\" aria-level=\"1\"><b>O botij\u00e3o \u00e9 gr\u00e1tis mesmo? <\/b><span style=\"font-weight: 400;\">Sim, a recarga de 13kg \u00e9 100% gratuita para quem tem o benef\u00edcio validado pelo governo.<\/span><\/li><li style=\"font-weight: 400;\" aria-level=\"1\"><b>E se eu n\u00e3o tiver o botij\u00e3o vazio?<\/b><span style=\"font-weight: 400;\"> O programa cobre apenas a carga (o g\u00e1s). Se voc\u00ea n\u00e3o tiver o casco para trocar, a revenda cobrar\u00e1 o valor do vasilhame separadamente.<\/span><\/li><li style=\"font-weight: 400;\" aria-level=\"1\"><b>Onde vejo se tenho direito?<\/b><span style=\"font-weight: 400;\"> A consulta deve ser feita nos canais oficiais do Governo ou da CAIXA (App Meu Social, Portal Cidad\u00e3o ou telefone 0800 726 0207).<\/span><\/li><li style=\"font-weight: 400;\" aria-level=\"1\"><b>Posso trocar o g\u00e1s por dinheiro? <\/b><span style=\"font-weight: 400;\">N\u00e3o. O benef\u00edcio \u00e9 exclusivo para a retirada da recarga de g\u00e1s de 13kg.<\/span><\/li><\/ol><\/li><\/ol><ul><li aria-level=\"1\"><b>Qual \u00e9 a legisla\u00e7\u00e3o envolvida do G\u00e1s do Povo?<\/b><\/li><\/ul><ol><li style=\"list-style-type: none;\"><ol><li style=\"font-weight: 400;\" aria-level=\"2\"><span style=\"font-weight: 400;\">Medida Provis\u00f3ria n\u00ba 1.313, de 4 de setembro de 2025<\/span><\/li><li style=\"font-weight: 400;\" aria-level=\"2\"><span style=\"font-weight: 400;\">Decreto n\u00ba 12.649, de 02 de outubro de 2025<\/span><\/li><\/ol><\/li><\/ol>\t\t\t\t\t<\/div>\n\t\t\t\t\t\t<\/div>\n\t\t\t\t<\/div>\n\t\t\t\t<div class=\"elementor-element elementor-element-skq5ybm elementor-widget elementor-widget-text-editor\" data-id=\"skq5ybm\" data-element_type=\"widget\" data-widget_type=\"text-editor.default\">\n\t\t\t\t<div class=\"elementor-widget-container\">\n\t\t\t\t\t\t\t\t<div class=\"elementor-text-editor elementor-clearfix\">\n\t\t\t\t<h4><img loading=\"lazy\" decoding=\"async\" class=\"alignnone size-full wp-image-3967\" src=\"https:\/\/fogas.com.br\/app\/uploads\/2021\/12\/ICONE-APP-FOGAS-4.png\" alt=\"\" width=\"160\" height=\"160\" srcset=\"https:\/\/fogas.com.br\/app\/uploads\/2021\/12\/ICONE-APP-FOGAS-4.png 160w, https:\/\/fogas.com.br\/app\/uploads\/2021\/12\/ICONE-APP-FOGAS-4-150x150.png 150w\" sizes=\"auto, (max-width: 160px) 100vw, 160px\" \/><\/h4>\t\t\t\t\t<\/div>\n\t\t\t\t\t\t<\/div>\n\t\t\t\t<\/div>\n\t\t\t\t<div class=\"elementor-element elementor-element-20c4178 elementor-widget elementor-widget-text-editor\" data-id=\"20c4178\" data-element_type=\"widget\" data-widget_type=\"text-editor.default\">\n\t\t\t\t<div class=\"elementor-widget-container\">\n\t\t\t\t\t\t\t\t<div class=\"elementor-text-editor elementor-clearfix\">\n\t\t\t\t<h4><b>Baixe o App Fog\u00e1s agora!<\/b><\/h4>\t\t\t\t\t<\/div>\n\t\t\t\t\t\t<\/div>\n\t\t\t\t<\/div>\n\t\t\t\t\t\t<\/div>\n\t\t\t\t\t<\/div>\n\t\t<\/div>\n\t\t\t\t\t\t\t\t<\/div>\n\t\t\t\t\t<\/div>\n\t\t<\/section>\n\t\t\t\t<section class=\"elementor-section elementor-top-section elementor-element elementor-element-onekfqc elementor-section-boxed elementor-section-height-default elementor-section-height-default\" data-id=\"onekfqc\" data-element_type=\"section\">\n\t\t\t\t\t\t<div class=\"elementor-container elementor-column-gap-default\">\n\t\t\t\t\t\t\t<div class=\"elementor-row\">\n\t\t\t\t\t<div class=\"elementor-column elementor-col-100 elementor-top-column elementor-element elementor-element-fvgvlve\" data-id=\"fvgvlve\" data-element_type=\"column\">\n\t\t\t<div class=\"elementor-column-wrap elementor-element-populated\">\n\t\t\t\t\t\t\t<div class=\"elementor-widget-wrap\">\n\t\t\t\t\t\t<div class=\"elementor-element elementor-element-gubunnz elementor-widget elementor-widget-text-editor\" data-id=\"gubunnz\" data-element_type=\"widget\" data-widget_type=\"text-editor.default\">\n\t\t\t\t<div class=\"elementor-widget-container\">\n\t\t\t\t\t\t\t\t<div class=\"elementor-text-editor elementor-clearfix\">\n\t\t\t\t<p><span style=\"font-weight: 400;\">Localize a revenda participante mais pr\u00f3xima e garanta o g\u00e1s da sua fam\u00edlia com a confian\u00e7a que a Fog\u00e1s oferece.<\/span><\/p><p>\u00a0<\/p><h3>Baixe gr\u00e1tis!<\/h3>\t\t\t\t\t<\/div>\n\t\t\t\t\t\t<\/div>\n\t\t\t\t<\/div>\n\t\t\t\t\t\t<\/div>\n\t\t\t\t\t<\/div>\n\t\t<\/div>\n\t\t\t\t\t\t\t\t<\/div>\n\t\t\t\t\t<\/div>\n\t\t<\/section>\n\t\t\t\t<section class=\"elementor-section elementor-top-section elementor-element elementor-element-jwgaafo elementor-section-boxed elementor-section-height-default elementor-section-height-default\" data-id=\"jwgaafo\" data-element_type=\"section\">\n\t\t\t\t\t\t<div class=\"elementor-container elementor-column-gap-default\">\n\t\t\t\t\t\t\t<div class=\"elementor-row\">\n\t\t\t\t\t<div class=\"elementor-column elementor-col-100 elementor-top-column elementor-element elementor-element-qg9b49j\" data-id=\"qg9b49j\" data-element_type=\"column\">\n\t\t\t<div class=\"elementor-column-wrap\">\n\t\t\t\t\t\t\t<div class=\"elementor-widget-wrap\">\n\t\t\t\t\t\t\t\t<\/div>\n\t\t\t\t\t<\/div>\n\t\t<\/div>\n\t\t\t\t\t\t\t\t<\/div>\n\t\t\t\t\t<\/div>\n\t\t<\/section>\n\t\t\t\t<section class=\"elementor-section elementor-top-section elementor-element elementor-element-339c9cb elementor-section-boxed elementor-section-height-default elementor-section-height-default\" data-id=\"339c9cb\" data-element_type=\"section\">\n\t\t\t\t\t\t<div class=\"elementor-container elementor-column-gap-default\">\n\t\t\t\t\t\t\t<div class=\"elementor-row\">\n\t\t\t\t\t<div class=\"elementor-column elementor-col-33 elementor-top-column elementor-element elementor-element-180012f\" data-id=\"180012f\" data-element_type=\"column\">\n\t\t\t<div class=\"elementor-column-wrap elementor-element-populated\">\n\t\t\t\t\t\t\t<div class=\"elementor-widget-wrap\">\n\t\t\t\t\t\t<div class=\"elementor-element elementor-element-eeaplco elementor-widget elementor-widget-image\" data-id=\"eeaplco\" data-element_type=\"widget\" data-widget_type=\"image.default\">\n\t\t\t\t<div class=\"elementor-widget-container\">\n\t\t\t\t\t\t\t\t<div class=\"elementor-image\">\n\t\t\t\t\t\t\t\t\t\t\t\t\t<a href=\"https:\/\/itunes.apple.com\/br\/app\/fog%C3%A1s-pe%C3%A7a-g%C3%A1s-pelo-celular\/id1132302990?mt=8\" target=\"_blank\">\n\t\t\t\t\t\t\t<img loading=\"lazy\" decoding=\"async\" width=\"175\" height=\"60\" src=\"https:\/\/fogas.com.br\/app\/uploads\/2017\/04\/botao_appstore.png\" class=\"attachment-full size-full\" alt=\"\" \/>\t\t\t\t\t\t\t\t<\/a>\n\t\t\t\t\t\t\t\t\t\t\t\t\t\t<\/div>\n\t\t\t\t\t\t<\/div>\n\t\t\t\t<\/div>\n\t\t\t\t\t\t<\/div>\n\t\t\t\t\t<\/div>\n\t\t<\/div>\n\t\t\t\t<div class=\"elementor-column elementor-col-33 elementor-top-column elementor-element elementor-element-3cbe622\" data-id=\"3cbe622\" data-element_type=\"column\">\n\t\t\t<div class=\"elementor-column-wrap elementor-element-populated\">\n\t\t\t\t\t\t\t<div class=\"elementor-widget-wrap\">\n\t\t\t\t\t\t<div class=\"elementor-element elementor-element-aed52f7 elementor-widget elementor-widget-image\" data-id=\"aed52f7\" data-element_type=\"widget\" data-widget_type=\"image.default\">\n\t\t\t\t<div class=\"elementor-widget-container\">\n\t\t\t\t\t\t\t\t<div class=\"elementor-image\">\n\t\t\t\t\t\t\t\t\t\t\t\t<img loading=\"lazy\" decoding=\"async\" width=\"150\" height=\"150\" src=\"https:\/\/fogas.com.br\/app\/uploads\/2025\/02\/App_Fog_s_site-150x150.png\" class=\"attachment-thumbnail size-thumbnail\" alt=\"\" srcset=\"https:\/\/fogas.com.br\/app\/uploads\/2025\/02\/App_Fog_s_site-150x150.png 150w, https:\/\/fogas.com.br\/app\/uploads\/2025\/02\/App_Fog_s_site-300x300.png 300w, https:\/\/fogas.com.br\/app\/uploads\/2025\/02\/App_Fog_s_site-1024x1024.png 1024w, https:\/\/fogas.com.br\/app\/uploads\/2025\/02\/App_Fog_s_site-768x768.png 768w, https:\/\/fogas.com.br\/app\/uploads\/2025\/02\/App_Fog_s_site-1536x1536.png 1536w, https:\/\/fogas.com.br\/app\/uploads\/2025\/02\/App_Fog_s_site-2048x2048.png 2048w, https:\/\/fogas.com.br\/app\/uploads\/2025\/02\/App_Fog_s_site-200x200.png 200w\" sizes=\"auto, (max-width: 150px) 100vw, 150px\" \/>\t\t\t\t\t\t\t\t\t\t\t\t\t\t<\/div>\n\t\t\t\t\t\t<\/div>\n\t\t\t\t<\/div>\n\t\t\t\t\t\t<\/div>\n\t\t\t\t\t<\/div>\n\t\t<\/div>\n\t\t\t\t<div class=\"elementor-column elementor-col-33 elementor-top-column elementor-element elementor-element-dc9f9bf\" data-id=\"dc9f9bf\" data-element_type=\"column\">\n\t\t\t<div class=\"elementor-column-wrap elementor-element-populated\">\n\t\t\t\t\t\t\t<div class=\"elementor-widget-wrap\">\n\t\t\t\t\t\t<div class=\"elementor-element elementor-element-qhmtxnq elementor-widget elementor-widget-image\" data-id=\"qhmtxnq\" data-element_type=\"widget\" data-widget_type=\"image.default\">\n\t\t\t\t<div class=\"elementor-widget-container\">\n\t\t\t\t\t\t\t\t<div class=\"elementor-image\">\n\t\t\t\t\t\t\t\t\t\t\t\t\t<a href=\"https:\/\/play.google.com\/store\/apps\/details?id=br.com.fogas.service&#038;hl=pt\" target=\"_blank\">\n\t\t\t\t\t\t\t<img loading=\"lazy\" decoding=\"async\" width=\"175\" height=\"61\" src=\"https:\/\/fogas.com.br\/app\/uploads\/2017\/04\/botao_googleplay.png\" class=\"attachment-full size-full\" alt=\"\" \/>\t\t\t\t\t\t\t\t<\/a>\n\t\t\t\t\t\t\t\t\t\t\t\t\t\t<\/div>\n\t\t\t\t\t\t<\/div>\n\t\t\t\t<\/div>\n\t\t\t\t\t\t<\/div>\n\t\t\t\t\t<\/div>\n\t\t<\/div>\n\t\t\t\t\t\t\t\t<\/div>\n\t\t\t\t\t<\/div>\n\t\t<\/section>\n\t\t\t\t<section class=\"elementor-section elementor-top-section elementor-element elementor-element-etqr5py elementor-section-boxed elementor-section-height-default elementor-section-height-default\" data-id=\"etqr5py\" data-element_type=\"section\">\n\t\t\t\t\t\t<div class=\"elementor-container elementor-column-gap-default\">\n\t\t\t\t\t\t\t<div class=\"elementor-row\">\n\t\t\t\t\t<div class=\"elementor-column elementor-col-25 elementor-top-column elementor-element elementor-element-lf80dgq\" data-id=\"lf80dgq\" data-element_type=\"column\">\n\t\t\t<div class=\"elementor-column-wrap\">\n\t\t\t\t\t\t\t<div class=\"elementor-widget-wrap\">\n\t\t\t\t\t\t\t\t<\/div>\n\t\t\t\t\t<\/div>\n\t\t<\/div>\n\t\t\t\t<div class=\"elementor-column elementor-col-25 elementor-top-column elementor-element elementor-element-68fgd3d\" data-id=\"68fgd3d\" data-element_type=\"column\">\n\t\t\t<div class=\"elementor-column-wrap\">\n\t\t\t\t\t\t\t<div class=\"elementor-widget-wrap\">\n\t\t\t\t\t\t\t\t<\/div>\n\t\t\t\t\t<\/div>\n\t\t<\/div>\n\t\t\t\t<div class=\"elementor-column elementor-col-25 elementor-top-column elementor-element elementor-element-demvv6j\" data-id=\"demvv6j\" data-element_type=\"column\">\n\t\t\t<div class=\"elementor-column-wrap\">\n\t\t\t\t\t\t\t<div class=\"elementor-widget-wrap\">\n\t\t\t\t\t\t\t\t<\/div>\n\t\t\t\t\t<\/div>\n\t\t<\/div>\n\t\t\t\t<div class=\"elementor-column elementor-col-25 elementor-top-column elementor-element elementor-element-xdvi4zs\" data-id=\"xdvi4zs\" data-element_type=\"column\">\n\t\t\t<div class=\"elementor-column-wrap\">\n\t\t\t\t\t\t\t<div class=\"elementor-widget-wrap\">\n\t\t\t\t\t\t\t\t<\/div>\n\t\t\t\t\t<\/div>\n\t\t<\/div>\n\t\t\t\t\t\t\t\t<\/div>\n\t\t\t\t\t<\/div>\n\t\t<\/section>\n\t\t\t\t\t\t<\/div>\n\t\t\t\t\t\t<\/div>\n\t\t\t\t\t<\/div>\n\t\t","protected":false},"excerpt":{"rendered":"<p>G\u00c1S DO POVO &#8211; Sua Carga de G\u00e1s 13kg Gr\u00e1tis na Fog\u00e1s Como funciona o programa? Diferente do modelo antigo, voc\u00ea n\u00e3o recebe mais o dinheiro na conta. Agora, voc\u00ea retira a sua recarga de 13kg (botij\u00e3o P13) gratuitamente direto em nossas revendas autorizadas inscritas no programa. Quem tem direito ao benef\u00edcio? Para participar, sua &hellip; <a href=\"https:\/\/fogas.com.br\/?page_id=4842\">Continued<\/a><\/p>\n","protected":false},"author":1,"featured_media":0,"parent":537,"menu_order":1,"comment_status":"closed","ping_status":"closed","template":"","meta":{"footnotes":""},"class_list":["post-4842","page","type-page","status-publish","hentry"],"_links":{"self":[{"href":"https:\/\/fogas.com.br\/index.php?rest_route=\/wp\/v2\/pages\/4842","targetHints":{"allow":["GET"]}}],"collection":[{"href":"https:\/\/fogas.com.br\/index.php?rest_route=\/wp\/v2\/pages"}],"about":[{"href":"https:\/\/fogas.com.br\/index.php?rest_route=\/wp\/v2\/types\/page"}],"author":[{"embeddable":true,"href":"https:\/\/fogas.com.br\/index.php?rest_route=\/wp\/v2\/users\/1"}],"replies":[{"embeddable":true,"href":"https:\/\/fogas.com.br\/index.php?rest_route=%2Fwp%2Fv2%2Fcomments&post=4842"}],"version-history":[{"count":16,"href":"https:\/\/fogas.com.br\/index.php?rest_route=\/wp\/v2\/pages\/4842\/revisions"}],"predecessor-version":[{"id":4900,"href":"https:\/\/fogas.com.br\/index.php?rest_route=\/wp\/v2\/pages\/4842\/revisions\/4900"}],"up":[{"embeddable":true,"href":"https:\/\/fogas.com.br\/index.php?rest_route=\/wp\/v2\/pages\/537"}],"wp:attachment":[{"href":"https:\/\/fogas.com.br\/index.php?rest_route=%2Fwp%2Fv2%2Fmedia&parent=4842"}],"curies":[{"name":"wp","href":"https:\/\/api.w.org\/{rel}","templated":true}]}}