{"id":4602,"date":"2025-01-30T12:51:09","date_gmt":"2025-01-30T12:51:09","guid":{"rendered":"https:\/\/fogas.com.br\/?page_id=4602"},"modified":"2025-01-30T12:59:51","modified_gmt":"2025-01-30T12:59:51","slug":"contato-consumidor-2","status":"publish","type":"page","link":"https:\/\/fogas.com.br\/?page_id=4602","title":{"rendered":"Contato &#8211; WhatsApp"},"content":{"rendered":"\t\t<div data-elementor-type=\"wp-page\" data-elementor-id=\"4602\" class=\"elementor elementor-4602\" data-elementor-settings=\"[]\">\n\t\t\t\t\t\t<div class=\"elementor-inner\">\n\t\t\t\t\t\t\t<div class=\"elementor-section-wrap\">\n\t\t\t\t\t\t\t<section class=\"elementor-section elementor-top-section elementor-element elementor-element-dfjnmac elementor-section-height-min-height elementor-section-boxed elementor-section-height-default elementor-section-items-middle\" data-id=\"dfjnmac\" data-element_type=\"section\" data-settings=\"{&quot;background_background&quot;:&quot;classic&quot;}\">\n\t\t\t\t\t\t<div class=\"elementor-container elementor-column-gap-default\">\n\t\t\t\t\t\t\t<div class=\"elementor-row\">\n\t\t\t\t\t<div class=\"elementor-column elementor-col-100 elementor-top-column elementor-element elementor-element-xtmndzm\" data-id=\"xtmndzm\" data-element_type=\"column\" data-settings=\"{&quot;background_background&quot;:&quot;gradient&quot;}\">\n\t\t\t<div class=\"elementor-column-wrap elementor-element-populated\">\n\t\t\t\t\t<div class=\"elementor-background-overlay\"><\/div>\n\t\t\t\t\t\t\t<div class=\"elementor-widget-wrap\">\n\t\t\t\t\t\t<div class=\"elementor-element elementor-element-umdwhll elementor-widget elementor-widget-heading\" data-id=\"umdwhll\" data-element_type=\"widget\" data-widget_type=\"heading.default\">\n\t\t\t\t<div class=\"elementor-widget-container\">\n\t\t\t<h1 class=\"elementor-heading-title elementor-size-default\">Contato<\/h1>\t\t<\/div>\n\t\t\t\t<\/div>\n\t\t\t\t<div class=\"elementor-element elementor-element-mhrlsbo elementor-widget elementor-widget-heading\" data-id=\"mhrlsbo\" data-element_type=\"widget\" data-widget_type=\"heading.default\">\n\t\t\t\t<div class=\"elementor-widget-container\">\n\t\t\t<h3 class=\"elementor-heading-title elementor-size-default\">Nossa Central de Relacionamento<\/h3>\t\t<\/div>\n\t\t\t\t<\/div>\n\t\t\t\t\t\t<\/div>\n\t\t\t\t\t<\/div>\n\t\t<\/div>\n\t\t\t\t\t\t\t\t<\/div>\n\t\t\t\t\t<\/div>\n\t\t<\/section>\n\t\t\t\t<section class=\"elementor-section elementor-top-section elementor-element elementor-element-anplmim elementor-section-boxed elementor-section-height-default elementor-section-height-default\" data-id=\"anplmim\" data-element_type=\"section\">\n\t\t\t\t\t\t<div class=\"elementor-container elementor-column-gap-default\">\n\t\t\t\t\t\t\t<div class=\"elementor-row\">\n\t\t\t\t\t<div class=\"elementor-column elementor-col-100 elementor-top-column elementor-element elementor-element-ibzejyo\" data-id=\"ibzejyo\" data-element_type=\"column\">\n\t\t\t<div class=\"elementor-column-wrap elementor-element-populated\">\n\t\t\t\t\t\t\t<div class=\"elementor-widget-wrap\">\n\t\t\t\t\t\t<div class=\"elementor-element elementor-element-yaijkhr elementor-widget elementor-widget-heading\" data-id=\"yaijkhr\" data-element_type=\"widget\" data-widget_type=\"heading.default\">\n\t\t\t\t<div class=\"elementor-widget-container\">\n\t\t\t<h3 class=\"elementor-heading-title elementor-size-xl\">Fale Conosco!<\/h3>\t\t<\/div>\n\t\t\t\t<\/div>\n\t\t\t\t\t\t<\/div>\n\t\t\t\t\t<\/div>\n\t\t<\/div>\n\t\t\t\t\t\t\t\t<\/div>\n\t\t\t\t\t<\/div>\n\t\t<\/section>\n\t\t\t\t<section class=\"elementor-section elementor-top-section elementor-element elementor-element-mmtqmbh elementor-section-boxed elementor-section-height-default elementor-section-height-default\" data-id=\"mmtqmbh\" data-element_type=\"section\">\n\t\t\t\t\t\t<div class=\"elementor-container elementor-column-gap-default\">\n\t\t\t\t\t\t\t<div class=\"elementor-row\">\n\t\t\t\t\t<div class=\"elementor-column elementor-col-100 elementor-top-column elementor-element elementor-element-afkslry\" data-id=\"afkslry\" data-element_type=\"column\">\n\t\t\t<div class=\"elementor-column-wrap elementor-element-populated\">\n\t\t\t\t\t\t\t<div class=\"elementor-widget-wrap\">\n\t\t\t\t\t\t<div class=\"elementor-element elementor-element-0ac7382 elementor-widget elementor-widget-heading\" data-id=\"0ac7382\" data-element_type=\"widget\" data-widget_type=\"heading.default\">\n\t\t\t\t<div class=\"elementor-widget-container\">\n\t\t\t<div class=\"elementor-heading-title elementor-size-medium\">Tem alguma d\u00favida ou precisa de ajuda? Entre em contato conosco pelo WhatsApp!\n<br>\nNossa equipe est\u00e1 dispon\u00edvel de Domingo a Domingo, das 7h \u00e0s 21h, incluindo feriados.<\/div>\t\t<\/div>\n\t\t\t\t<\/div>\n\t\t\t\t<div class=\"elementor-element elementor-element-fb4a83d elementor-widget elementor-widget-image\" data-id=\"fb4a83d\" data-element_type=\"widget\" data-widget_type=\"image.default\">\n\t\t\t\t<div class=\"elementor-widget-container\">\n\t\t\t\t\t\t\t\t<div class=\"elementor-image\">\n\t\t\t\t\t\t\t\t\t\t\t\t\t<a href=\"https:\/\/api.whatsapp.com\/send?phone=558007099292&#038;&#038;text=Ol\u00e1%20Fog\u00e1s\">\n\t\t\t\t\t\t\t<img decoding=\"async\" src=\"https:\/\/fogas.com.br\/app\/uploads\/elementor\/thumbs\/whatsapp-logo-whatsapp-icon-whatsapp-transparent-free-png-r0rp8kumyphw27jq0907bbg0ded6oxkgk6mg09v3t0.webp\" title=\"whatsapp-logo-whatsapp-icon-whatsapp-transparent-free-png\" alt=\"whatsapp-logo-whatsapp-icon-whatsapp-transparent-free-png\" \/>\t\t\t\t\t\t\t\t<\/a>\n\t\t\t\t\t\t\t\t\t\t\t\t\t\t<\/div>\n\t\t\t\t\t\t<\/div>\n\t\t\t\t<\/div>\n\t\t\t\t\t\t<\/div>\n\t\t\t\t\t<\/div>\n\t\t<\/div>\n\t\t\t\t\t\t\t\t<\/div>\n\t\t\t\t\t<\/div>\n\t\t<\/section>\n\t\t\t\t<section class=\"elementor-section elementor-top-section elementor-element elementor-element-8002d22 elementor-section-boxed elementor-section-height-default elementor-section-height-default\" data-id=\"8002d22\" data-element_type=\"section\">\n\t\t\t\t\t\t<div class=\"elementor-container elementor-column-gap-default\">\n\t\t\t\t\t\t\t<div class=\"elementor-row\">\n\t\t\t\t\t<div class=\"elementor-column elementor-col-100 elementor-top-column elementor-element elementor-element-2e12d2b\" data-id=\"2e12d2b\" data-element_type=\"column\">\n\t\t\t<div class=\"elementor-column-wrap elementor-element-populated\">\n\t\t\t\t\t\t\t<div class=\"elementor-widget-wrap\">\n\t\t\t\t\t\t<div class=\"elementor-element elementor-element-f734bab elementor-widget elementor-widget-spacer\" data-id=\"f734bab\" data-element_type=\"widget\" data-widget_type=\"spacer.default\">\n\t\t\t\t<div class=\"elementor-widget-container\">\n\t\t\t\t\t<div class=\"elementor-spacer\">\n\t\t\t<div class=\"elementor-spacer-inner\"><\/div>\n\t\t<\/div>\n\t\t\t\t<\/div>\n\t\t\t\t<\/div>\n\t\t\t\t\t\t<\/div>\n\t\t\t\t\t<\/div>\n\t\t<\/div>\n\t\t\t\t\t\t\t\t<\/div>\n\t\t\t\t\t<\/div>\n\t\t<\/section>\n\t\t\t\t\t\t<\/div>\n\t\t\t\t\t\t<\/div>\n\t\t\t\t\t<\/div>\n\t\t","protected":false},"excerpt":{"rendered":"<p>Contato Nossa Central de Relacionamento Fale Conosco! Tem alguma d\u00favida ou precisa de ajuda? Entre em contato conosco pelo WhatsApp! Nossa equipe est\u00e1 dispon\u00edvel de Domingo a Domingo, das 7h \u00e0s 21h, incluindo feriados.<\/p>\n","protected":false},"author":5,"featured_media":0,"parent":0,"menu_order":0,"comment_status":"closed","ping_status":"closed","template":"","meta":{"footnotes":""},"class_list":["post-4602","page","type-page","status-publish","hentry"],"_links":{"self":[{"href":"https:\/\/fogas.com.br\/index.php?rest_route=\/wp\/v2\/pages\/4602","targetHints":{"allow":["GET"]}}],"collection":[{"href":"https:\/\/fogas.com.br\/index.php?rest_route=\/wp\/v2\/pages"}],"about":[{"href":"https:\/\/fogas.com.br\/index.php?rest_route=\/wp\/v2\/types\/page"}],"author":[{"embeddable":true,"href":"https:\/\/fogas.com.br\/index.php?rest_route=\/wp\/v2\/users\/5"}],"replies":[{"embeddable":true,"href":"https:\/\/fogas.com.br\/index.php?rest_route=%2Fwp%2Fv2%2Fcomments&post=4602"}],"version-history":[{"count":13,"href":"https:\/\/fogas.com.br\/index.php?rest_route=\/wp\/v2\/pages\/4602\/revisions"}],"predecessor-version":[{"id":4618,"href":"https:\/\/fogas.com.br\/index.php?rest_route=\/wp\/v2\/pages\/4602\/revisions\/4618"}],"wp:attachment":[{"href":"https:\/\/fogas.com.br\/index.php?rest_route=%2Fwp%2Fv2%2Fmedia&parent=4602"}],"curies":[{"name":"wp","href":"https:\/\/api.w.org\/{rel}","templated":true}]}}