{"id":3321,"date":"2020-05-28T15:43:49","date_gmt":"2020-05-28T15:43:49","guid":{"rendered":"https:\/\/fogas.com.br\/?page_id=3321"},"modified":"2021-06-09T19:46:05","modified_gmt":"2021-06-09T19:46:05","slug":"gas-para-restaurante","status":"publish","type":"page","link":"https:\/\/fogas.com.br\/?page_id=3321","title":{"rendered":"para Empresas &#8211; Gas para Restaurante"},"content":{"rendered":"\t\t<div data-elementor-type=\"wp-page\" data-elementor-id=\"3321\" class=\"elementor elementor-3321 elementor-bc-flex-widget\" data-elementor-settings=\"[]\">\n\t\t\t\t\t\t<div class=\"elementor-inner\">\n\t\t\t\t\t\t\t<div class=\"elementor-section-wrap\">\n\t\t\t\t\t\t\t<section class=\"elementor-section elementor-top-section elementor-element elementor-element-rumhyrm elementor-section-boxed elementor-section-height-default elementor-section-height-default\" data-id=\"rumhyrm\" data-element_type=\"section\">\n\t\t\t\t\t\t<div class=\"elementor-container elementor-column-gap-default\">\n\t\t\t\t\t\t\t<div class=\"elementor-row\">\n\t\t\t\t\t<div class=\"elementor-column elementor-col-100 elementor-top-column elementor-element elementor-element-jpmndju\" data-id=\"jpmndju\" data-element_type=\"column\">\n\t\t\t<div class=\"elementor-column-wrap elementor-element-populated\">\n\t\t\t\t\t\t\t<div class=\"elementor-widget-wrap\">\n\t\t\t\t\t\t<div class=\"elementor-element elementor-element-kyaenhk elementor-widget elementor-widget-heading\" data-id=\"kyaenhk\" data-element_type=\"widget\" data-widget_type=\"heading.default\">\n\t\t\t\t<div class=\"elementor-widget-container\">\n\t\t\t<h1 class=\"elementor-heading-title elementor-size-default\">G\u00e1s para Restaurante<\/h1>\t\t<\/div>\n\t\t\t\t<\/div>\n\t\t\t\t<div class=\"elementor-element elementor-element-nos0yqf elementor-widget elementor-widget-text-editor\" data-id=\"nos0yqf\" data-element_type=\"widget\" data-widget_type=\"text-editor.default\">\n\t\t\t\t<div class=\"elementor-widget-container\">\n\t\t\t\t\t\t\t\t<div class=\"elementor-text-editor elementor-clearfix\">\n\t\t\t\t<p><em><span style=\"font-weight: 400;\"><strong>G\u00e1s para restaurante<\/strong>, voc\u00ea encontra na Fog\u00e1s!<\/span><\/em><\/p><p><span style=\"font-weight: 400;\">Saiba mais sobre como adquirir de maneira simples e r\u00e1pida o sistema de fornecimento de <strong><a href=\"https:\/\/sejaclientegranel.fogas.com.br\/\">g\u00e1s a granel<\/a><\/strong> para o seu restaurante, lanchonete ou cozinha industrial.\u00a0<\/span><\/p>\t\t\t\t\t<\/div>\n\t\t\t\t\t\t<\/div>\n\t\t\t\t<\/div>\n\t\t\t\t\t\t<\/div>\n\t\t\t\t\t<\/div>\n\t\t<\/div>\n\t\t\t\t\t\t\t\t<\/div>\n\t\t\t\t\t<\/div>\n\t\t<\/section>\n\t\t\t\t<section class=\"elementor-section elementor-top-section elementor-element elementor-element-9bu1hvp elementor-section-boxed elementor-section-height-default elementor-section-height-default\" data-id=\"9bu1hvp\" data-element_type=\"section\">\n\t\t\t\t\t\t<div class=\"elementor-container elementor-column-gap-default\">\n\t\t\t\t\t\t\t<div class=\"elementor-row\">\n\t\t\t\t\t<div class=\"elementor-column elementor-col-100 elementor-top-column elementor-element elementor-element-lbn85mj\" data-id=\"lbn85mj\" data-element_type=\"column\">\n\t\t\t<div class=\"elementor-column-wrap elementor-element-populated\">\n\t\t\t\t\t\t\t<div class=\"elementor-widget-wrap\">\n\t\t\t\t\t\t<div class=\"elementor-element elementor-element-j7j72e6 elementor-widget elementor-widget-image\" data-id=\"j7j72e6\" data-element_type=\"widget\" data-widget_type=\"image.default\">\n\t\t\t\t<div class=\"elementor-widget-container\">\n\t\t\t\t\t\t\t\t<div class=\"elementor-image\">\n\t\t\t\t\t\t\t\t\t\t\t\t<img loading=\"lazy\" decoding=\"async\" width=\"196\" height=\"148\" src=\"https:\/\/fogas.com.br\/app\/uploads\/2017\/05\/empresa_detalhe_produto_tanque190kg.png\" class=\"attachment-large size-large\" alt=\"\" \/>\t\t\t\t\t\t\t\t\t\t\t\t\t\t<\/div>\n\t\t\t\t\t\t<\/div>\n\t\t\t\t<\/div>\n\t\t\t\t\t\t<\/div>\n\t\t\t\t\t<\/div>\n\t\t<\/div>\n\t\t\t\t\t\t\t\t<\/div>\n\t\t\t\t\t<\/div>\n\t\t<\/section>\n\t\t\t\t<section class=\"elementor-section elementor-top-section elementor-element elementor-element-njsandw elementor-section-boxed elementor-section-height-default elementor-section-height-default\" data-id=\"njsandw\" data-element_type=\"section\">\n\t\t\t\t\t\t<div class=\"elementor-container elementor-column-gap-default\">\n\t\t\t\t\t\t\t<div class=\"elementor-row\">\n\t\t\t\t\t<div class=\"elementor-column elementor-col-100 elementor-top-column elementor-element elementor-element-h82qg32\" data-id=\"h82qg32\" data-element_type=\"column\">\n\t\t\t<div class=\"elementor-column-wrap elementor-element-populated\">\n\t\t\t\t\t\t\t<div class=\"elementor-widget-wrap\">\n\t\t\t\t\t\t<div class=\"elementor-element elementor-element-s69kpun elementor-widget elementor-widget-heading\" data-id=\"s69kpun\" data-element_type=\"widget\" data-widget_type=\"heading.default\">\n\t\t\t\t<div class=\"elementor-widget-container\">\n\t\t\t<h2 class=\"elementor-heading-title elementor-size-default\">GLP a granel para restaurante: como funciona?<\/h2>\t\t<\/div>\n\t\t\t\t<\/div>\n\t\t\t\t\t\t<\/div>\n\t\t\t\t\t<\/div>\n\t\t<\/div>\n\t\t\t\t\t\t\t\t<\/div>\n\t\t\t\t\t<\/div>\n\t\t<\/section>\n\t\t\t\t<section class=\"elementor-section elementor-top-section elementor-element elementor-element-z61n454 elementor-section-boxed elementor-section-height-default elementor-section-height-default\" data-id=\"z61n454\" data-element_type=\"section\">\n\t\t\t\t\t\t<div class=\"elementor-container elementor-column-gap-default\">\n\t\t\t\t\t\t\t<div class=\"elementor-row\">\n\t\t\t\t\t<div class=\"elementor-column elementor-col-100 elementor-top-column elementor-element elementor-element-o63myk5\" data-id=\"o63myk5\" data-element_type=\"column\">\n\t\t\t<div class=\"elementor-column-wrap elementor-element-populated\">\n\t\t\t\t\t\t\t<div class=\"elementor-widget-wrap\">\n\t\t\t\t\t\t<div class=\"elementor-element elementor-element-4rheoyg elementor-widget elementor-widget-text-editor\" data-id=\"4rheoyg\" data-element_type=\"widget\" data-widget_type=\"text-editor.default\">\n\t\t\t\t<div class=\"elementor-widget-container\">\n\t\t\t\t\t\t\t\t<div class=\"elementor-text-editor elementor-clearfix\">\n\t\t\t\t<p><span style=\"font-weight: 400;\">Para adquirir o sistema de g\u00e1s em seu restaurante, \u00e9 necess\u00e1ria a instala\u00e7\u00e3o de uma central de GLP composta por tanques que s\u00e3o cedidos em sistema de comodato, de acordo com a sua demanda t\u00e9cnica e consumo do seu estabelecimento. Assim, oferecemos o abastecimento diretamente na central, de forma segura, sem que haja a necessidade de troca por um novo botij\u00e3o de g\u00e1s.<\/span><\/p>\t\t\t\t\t<\/div>\n\t\t\t\t\t\t<\/div>\n\t\t\t\t<\/div>\n\t\t\t\t<div class=\"elementor-element elementor-element-w6zx56j elementor-widget elementor-widget-image\" data-id=\"w6zx56j\" data-element_type=\"widget\" data-widget_type=\"image.default\">\n\t\t\t\t<div class=\"elementor-widget-container\">\n\t\t\t\t\t\t\t\t<div class=\"elementor-image\">\n\t\t\t\t\t\t\t\t\t\t\t\t<img loading=\"lazy\" decoding=\"async\" width=\"768\" height=\"512\" src=\"https:\/\/fogas.com.br\/app\/uploads\/2020\/05\/IMG_21812-768x512.jpg\" class=\"attachment-medium_large size-medium_large\" alt=\"\" srcset=\"https:\/\/fogas.com.br\/app\/uploads\/2020\/05\/IMG_21812-768x512.jpg 768w, https:\/\/fogas.com.br\/app\/uploads\/2020\/05\/IMG_21812-300x200.jpg 300w, https:\/\/fogas.com.br\/app\/uploads\/2020\/05\/IMG_21812-1024x683.jpg 1024w, https:\/\/fogas.com.br\/app\/uploads\/2020\/05\/IMG_21812-1536x1024.jpg 1536w, https:\/\/fogas.com.br\/app\/uploads\/2020\/05\/IMG_21812-2048x1365.jpg 2048w\" sizes=\"auto, (max-width: 768px) 100vw, 768px\" \/>\t\t\t\t\t\t\t\t\t\t\t\t\t\t<\/div>\n\t\t\t\t\t\t<\/div>\n\t\t\t\t<\/div>\n\t\t\t\t\t\t<\/div>\n\t\t\t\t\t<\/div>\n\t\t<\/div>\n\t\t\t\t\t\t\t\t<\/div>\n\t\t\t\t\t<\/div>\n\t\t<\/section>\n\t\t\t\t<section class=\"elementor-section elementor-top-section elementor-element elementor-element-pb6o74p elementor-section-boxed elementor-section-height-default elementor-section-height-default\" data-id=\"pb6o74p\" data-element_type=\"section\">\n\t\t\t\t\t\t<div class=\"elementor-container elementor-column-gap-default\">\n\t\t\t\t\t\t\t<div class=\"elementor-row\">\n\t\t\t\t\t<div class=\"elementor-column elementor-col-100 elementor-top-column elementor-element elementor-element-zalghg4\" data-id=\"zalghg4\" data-element_type=\"column\">\n\t\t\t<div class=\"elementor-column-wrap elementor-element-populated\">\n\t\t\t\t\t\t\t<div class=\"elementor-widget-wrap\">\n\t\t\t\t\t\t<div class=\"elementor-element elementor-element-wkqbj8a elementor-widget elementor-widget-heading\" data-id=\"wkqbj8a\" data-element_type=\"widget\" data-widget_type=\"heading.default\">\n\t\t\t\t<div class=\"elementor-widget-container\">\n\t\t\t<h2 class=\"elementor-heading-title elementor-size-default\">Solicite projeto gratuito! \n<\/h2>\t\t<\/div>\n\t\t\t\t<\/div>\n\t\t\t\t<div class=\"elementor-element elementor-element-6cnwzme elementor-widget elementor-widget-text-editor\" data-id=\"6cnwzme\" data-element_type=\"widget\" data-widget_type=\"text-editor.default\">\n\t\t\t\t<div class=\"elementor-widget-container\">\n\t\t\t\t\t\t\t\t<div class=\"elementor-text-editor elementor-clearfix\">\n\t\t\t\t<p><span style=\"font-weight: 400;\">A Fog\u00e1s elabora o projeto gratuitamente considerando exatamente o espa\u00e7o dispon\u00edvel e estimativa de consumo, levando sempre em considera\u00e7\u00e3o conformidade com as normas de seguran\u00e7a.\u00a0<\/span><\/p><p>\u00a0<\/p><p><span style=\"font-weight: 400;\">Assim, em pouco tempo, o cliente tem a sua central de <strong><a href=\"https:\/\/www.fogas.com.br\/residencia\/propriedade-glp\/\">GLP<\/a><\/strong> pronta para receber os abastecimentos que s\u00e3o realizados pelos caminh\u00f5es do Fog\u00e1s granel, de forma segura. Voc\u00ea acompanha todas as informa\u00e7\u00f5es sobre sua rela\u00e7\u00e3o comercial com a Fog\u00e1s atrav\u00e9s do <strong><a href=\"https:\/\/play.google.com\/store\/apps\/details?id=br.com.fogas.granel\">App Fog\u00e1s Granel<\/a><\/strong> de uso exclusivo para clientes desse segmento.\u00a0<\/span><\/p><p>\u00a0<\/p><p>Agende uma visita!<\/p>\t\t\t\t\t<\/div>\n\t\t\t\t\t\t<\/div>\n\t\t\t\t<\/div>\n\t\t\t\t\t\t<\/div>\n\t\t\t\t\t<\/div>\n\t\t<\/div>\n\t\t\t\t\t\t\t\t<\/div>\n\t\t\t\t\t<\/div>\n\t\t<\/section>\n\t\t\t\t<section class=\"elementor-section elementor-top-section elementor-element elementor-element-cizhou5 elementor-section-boxed elementor-section-height-default elementor-section-height-default\" data-id=\"cizhou5\" data-element_type=\"section\">\n\t\t\t\t\t\t<div class=\"elementor-container elementor-column-gap-default\">\n\t\t\t\t\t\t\t<div class=\"elementor-row\">\n\t\t\t\t\t<div class=\"elementor-column elementor-col-100 elementor-top-column elementor-element elementor-element-tdz3zsr\" data-id=\"tdz3zsr\" data-element_type=\"column\">\n\t\t\t<div class=\"elementor-column-wrap elementor-element-populated\">\n\t\t\t\t\t\t\t<div class=\"elementor-widget-wrap\">\n\t\t\t\t\t\t<div class=\"elementor-element elementor-element-1mne174 elementor-widget elementor-widget-image\" data-id=\"1mne174\" data-element_type=\"widget\" data-widget_type=\"image.default\">\n\t\t\t\t<div class=\"elementor-widget-container\">\n\t\t\t\t\t\t\t\t<div class=\"elementor-image\">\n\t\t\t\t\t\t\t\t\t\t\t\t\t<a href=\"https:\/\/sejaclientegranel.fogas.com.br\/\" target=\"_blank\">\n\t\t\t\t\t\t\t<img loading=\"lazy\" decoding=\"async\" width=\"300\" height=\"93\" src=\"https:\/\/fogas.com.br\/app\/uploads\/2017\/05\/empresa_botao_preenchaoformulario-300x93.png\" class=\"attachment-medium size-medium\" alt=\"\" srcset=\"https:\/\/fogas.com.br\/app\/uploads\/2017\/05\/empresa_botao_preenchaoformulario-300x93.png 300w, https:\/\/fogas.com.br\/app\/uploads\/2017\/05\/empresa_botao_preenchaoformulario.png 430w\" sizes=\"auto, (max-width: 300px) 100vw, 300px\" \/>\t\t\t\t\t\t\t\t<\/a>\n\t\t\t\t\t\t\t\t\t\t\t\t\t\t<\/div>\n\t\t\t\t\t\t<\/div>\n\t\t\t\t<\/div>\n\t\t\t\t\t\t<\/div>\n\t\t\t\t\t<\/div>\n\t\t<\/div>\n\t\t\t\t\t\t\t\t<\/div>\n\t\t\t\t\t<\/div>\n\t\t<\/section>\n\t\t\t\t\t\t<\/div>\n\t\t\t\t\t\t<\/div>\n\t\t\t\t\t<\/div>\n\t\t","protected":false},"excerpt":{"rendered":"<p>G\u00e1s para Restaurante G\u00e1s para restaurante, voc\u00ea encontra na Fog\u00e1s! Saiba mais sobre como adquirir de maneira simples e r\u00e1pida o sistema de fornecimento de g\u00e1s a granel para o seu restaurante, lanchonete ou cozinha industrial.\u00a0 GLP a granel para restaurante: como funciona? Para adquirir o sistema de g\u00e1s em seu restaurante, \u00e9 necess\u00e1ria a &hellip; <a href=\"https:\/\/fogas.com.br\/?page_id=3321\">Continued<\/a><\/p>\n","protected":false},"author":1,"featured_media":0,"parent":854,"menu_order":0,"comment_status":"closed","ping_status":"closed","template":"","meta":{"footnotes":""},"class_list":["post-3321","page","type-page","status-publish","hentry"],"_links":{"self":[{"href":"https:\/\/fogas.com.br\/index.php?rest_route=\/wp\/v2\/pages\/3321","targetHints":{"allow":["GET"]}}],"collection":[{"href":"https:\/\/fogas.com.br\/index.php?rest_route=\/wp\/v2\/pages"}],"about":[{"href":"https:\/\/fogas.com.br\/index.php?rest_route=\/wp\/v2\/types\/page"}],"author":[{"embeddable":true,"href":"https:\/\/fogas.com.br\/index.php?rest_route=\/wp\/v2\/users\/1"}],"replies":[{"embeddable":true,"href":"https:\/\/fogas.com.br\/index.php?rest_route=%2Fwp%2Fv2%2Fcomments&post=3321"}],"version-history":[{"count":0,"href":"https:\/\/fogas.com.br\/index.php?rest_route=\/wp\/v2\/pages\/3321\/revisions"}],"up":[{"embeddable":true,"href":"https:\/\/fogas.com.br\/index.php?rest_route=\/wp\/v2\/pages\/854"}],"wp:attachment":[{"href":"https:\/\/fogas.com.br\/index.php?rest_route=%2Fwp%2Fv2%2Fmedia&parent=3321"}],"curies":[{"name":"wp","href":"https:\/\/api.w.org\/{rel}","templated":true}]}}