{"id":3315,"date":"2020-05-28T15:42:31","date_gmt":"2020-05-28T15:42:31","guid":{"rendered":"https:\/\/fogas.com.br\/?page_id=3315"},"modified":"2021-06-09T19:45:08","modified_gmt":"2021-06-09T19:45:08","slug":"gas-para-condominio","status":"publish","type":"page","link":"https:\/\/fogas.com.br\/?page_id=3315","title":{"rendered":"para Empresas &#8211; Gas para Condom\u00ednio"},"content":{"rendered":"\t\t<div data-elementor-type=\"wp-page\" data-elementor-id=\"3315\" class=\"elementor elementor-3315 elementor-bc-flex-widget\" data-elementor-settings=\"[]\">\n\t\t\t\t\t\t<div class=\"elementor-inner\">\n\t\t\t\t\t\t\t<div class=\"elementor-section-wrap\">\n\t\t\t\t\t\t\t<section class=\"elementor-section elementor-top-section elementor-element elementor-element-rumhyrm elementor-section-boxed elementor-section-height-default elementor-section-height-default\" data-id=\"rumhyrm\" data-element_type=\"section\">\n\t\t\t\t\t\t<div class=\"elementor-container elementor-column-gap-default\">\n\t\t\t\t\t\t\t<div class=\"elementor-row\">\n\t\t\t\t\t<div class=\"elementor-column elementor-col-100 elementor-top-column elementor-element elementor-element-jpmndju\" data-id=\"jpmndju\" data-element_type=\"column\">\n\t\t\t<div class=\"elementor-column-wrap elementor-element-populated\">\n\t\t\t\t\t\t\t<div class=\"elementor-widget-wrap\">\n\t\t\t\t\t\t<div class=\"elementor-element elementor-element-kyaenhk elementor-widget elementor-widget-heading\" data-id=\"kyaenhk\" data-element_type=\"widget\" data-widget_type=\"heading.default\">\n\t\t\t\t<div class=\"elementor-widget-container\">\n\t\t\t<h1 class=\"elementor-heading-title elementor-size-default\">G\u00e1s para Condom\u00ednio<\/h1>\t\t<\/div>\n\t\t\t\t<\/div>\n\t\t\t\t<div class=\"elementor-element elementor-element-nos0yqf elementor-widget elementor-widget-text-editor\" data-id=\"nos0yqf\" data-element_type=\"widget\" data-widget_type=\"text-editor.default\">\n\t\t\t\t<div class=\"elementor-widget-container\">\n\t\t\t\t\t\t\t\t<div class=\"elementor-text-editor elementor-clearfix\">\n\t\t\t\t<p><span style=\"font-weight: 400;\">Fog\u00e1s Granel &#8211; conhe\u00e7a o servi\u00e7o de abastecimento de <\/span><a href=\"https:\/\/sejaclientegranel.fogas.com.br\/\"><strong>g\u00e1s a granel<\/strong><\/a> <span style=\"font-weight: 400;\">para condom\u00ednio da Fog\u00e1s.<\/span><\/p><p><span style=\"font-weight: 400;\">Ainda no in\u00edcio na idealiza\u00e7\u00e3o do projeto do pr\u00f3prio condom\u00ednio, a Fog\u00e1s juntamente, com a Construtora, definem em conjunto todos os aspectos para instala\u00e7\u00e3o da central de g\u00e1s, em conformidade com as normas de seguran\u00e7a.\u00a0<\/span><\/p>\t\t\t\t\t<\/div>\n\t\t\t\t\t\t<\/div>\n\t\t\t\t<\/div>\n\t\t\t\t\t\t<\/div>\n\t\t\t\t\t<\/div>\n\t\t<\/div>\n\t\t\t\t\t\t\t\t<\/div>\n\t\t\t\t\t<\/div>\n\t\t<\/section>\n\t\t\t\t<section class=\"elementor-section elementor-top-section elementor-element elementor-element-9bu1hvp elementor-section-boxed elementor-section-height-default elementor-section-height-default\" data-id=\"9bu1hvp\" data-element_type=\"section\">\n\t\t\t\t\t\t<div class=\"elementor-container elementor-column-gap-default\">\n\t\t\t\t\t\t\t<div class=\"elementor-row\">\n\t\t\t\t\t<div class=\"elementor-column elementor-col-100 elementor-top-column elementor-element elementor-element-lbn85mj\" data-id=\"lbn85mj\" data-element_type=\"column\">\n\t\t\t<div class=\"elementor-column-wrap elementor-element-populated\">\n\t\t\t\t\t\t\t<div class=\"elementor-widget-wrap\">\n\t\t\t\t\t\t<div class=\"elementor-element elementor-element-j7j72e6 elementor-widget elementor-widget-image\" data-id=\"j7j72e6\" data-element_type=\"widget\" data-widget_type=\"image.default\">\n\t\t\t\t<div class=\"elementor-widget-container\">\n\t\t\t\t\t\t\t\t<div class=\"elementor-image\">\n\t\t\t\t\t\t\t\t\t\t\t\t<img loading=\"lazy\" decoding=\"async\" width=\"196\" height=\"148\" src=\"https:\/\/fogas.com.br\/app\/uploads\/2017\/05\/empresa_detalhe_produto_tanque190kg.png\" class=\"attachment-large size-large\" alt=\"\" \/>\t\t\t\t\t\t\t\t\t\t\t\t\t\t<\/div>\n\t\t\t\t\t\t<\/div>\n\t\t\t\t<\/div>\n\t\t\t\t\t\t<\/div>\n\t\t\t\t\t<\/div>\n\t\t<\/div>\n\t\t\t\t\t\t\t\t<\/div>\n\t\t\t\t\t<\/div>\n\t\t<\/section>\n\t\t\t\t<section class=\"elementor-section elementor-top-section elementor-element elementor-element-njsandw elementor-section-boxed elementor-section-height-default elementor-section-height-default\" data-id=\"njsandw\" data-element_type=\"section\">\n\t\t\t\t\t\t<div class=\"elementor-container elementor-column-gap-default\">\n\t\t\t\t\t\t\t<div class=\"elementor-row\">\n\t\t\t\t\t<div class=\"elementor-column elementor-col-100 elementor-top-column elementor-element elementor-element-h82qg32\" data-id=\"h82qg32\" data-element_type=\"column\">\n\t\t\t<div class=\"elementor-column-wrap elementor-element-populated\">\n\t\t\t\t\t\t\t<div class=\"elementor-widget-wrap\">\n\t\t\t\t\t\t<div class=\"elementor-element elementor-element-s69kpun elementor-widget elementor-widget-heading\" data-id=\"s69kpun\" data-element_type=\"widget\" data-widget_type=\"heading.default\">\n\t\t\t\t<div class=\"elementor-widget-container\">\n\t\t\t<h2 class=\"elementor-heading-title elementor-size-default\">Como funciona o abastecimento de g\u00e1s no Condom\u00ednio?<\/h2>\t\t<\/div>\n\t\t\t\t<\/div>\n\t\t\t\t\t\t<\/div>\n\t\t\t\t\t<\/div>\n\t\t<\/div>\n\t\t\t\t\t\t\t\t<\/div>\n\t\t\t\t\t<\/div>\n\t\t<\/section>\n\t\t\t\t<section class=\"elementor-section elementor-top-section elementor-element elementor-element-wvf5n4a elementor-section-boxed elementor-section-height-default elementor-section-height-default\" data-id=\"wvf5n4a\" data-element_type=\"section\">\n\t\t\t\t\t\t<div class=\"elementor-container elementor-column-gap-default\">\n\t\t\t\t\t\t\t<div class=\"elementor-row\">\n\t\t\t\t\t<div class=\"elementor-column elementor-col-50 elementor-top-column elementor-element elementor-element-tlxz4l7\" data-id=\"tlxz4l7\" data-element_type=\"column\">\n\t\t\t<div class=\"elementor-column-wrap elementor-element-populated\">\n\t\t\t\t\t\t\t<div class=\"elementor-widget-wrap\">\n\t\t\t\t\t\t<div class=\"elementor-element elementor-element-tdjsunk elementor-widget elementor-widget-image\" data-id=\"tdjsunk\" data-element_type=\"widget\" data-widget_type=\"image.default\">\n\t\t\t\t<div class=\"elementor-widget-container\">\n\t\t\t\t\t\t\t\t<div class=\"elementor-image\">\n\t\t\t\t\t\t\t\t\t\t\t\t<img decoding=\"async\" src=\"https:\/\/fogas.com.br\/app\/uploads\/2017\/04\/appfogas_selecioneoendereco.svg\" class=\"attachment-large size-large\" alt=\"\" \/>\t\t\t\t\t\t\t\t\t\t\t\t\t\t<\/div>\n\t\t\t\t\t\t<\/div>\n\t\t\t\t<\/div>\n\t\t\t\t\t\t<\/div>\n\t\t\t\t\t<\/div>\n\t\t<\/div>\n\t\t\t\t<div class=\"elementor-column elementor-col-50 elementor-top-column elementor-element elementor-element-850tkm2\" data-id=\"850tkm2\" data-element_type=\"column\">\n\t\t\t<div class=\"elementor-column-wrap elementor-element-populated\">\n\t\t\t\t\t\t\t<div class=\"elementor-widget-wrap\">\n\t\t\t\t\t\t<div class=\"elementor-element elementor-element-8brjgyd elementor-widget elementor-widget-text-editor\" data-id=\"8brjgyd\" data-element_type=\"widget\" data-widget_type=\"text-editor.default\">\n\t\t\t\t<div class=\"elementor-widget-container\">\n\t\t\t\t\t\t\t\t<div class=\"elementor-text-editor elementor-clearfix\">\n\t\t\t\t<p><span style=\"font-weight: 400;\">A administra\u00e7\u00e3o do condom\u00ednio define a programa\u00e7\u00e3o de abastecimento previamente e o abastecimento \u00e9 realizado atrav\u00e9s de ve\u00edculos tanques e profissionais qualificados. Antes de cada abastecimento, \u00e9 realizado checagem de itens de seguran\u00e7a para garantir que o abastecimento seja realizado com sucesso.<\/span><\/p>\t\t\t\t\t<\/div>\n\t\t\t\t\t\t<\/div>\n\t\t\t\t<\/div>\n\t\t\t\t\t\t<\/div>\n\t\t\t\t\t<\/div>\n\t\t<\/div>\n\t\t\t\t\t\t\t\t<\/div>\n\t\t\t\t\t<\/div>\n\t\t<\/section>\n\t\t\t\t<section class=\"elementor-section elementor-top-section elementor-element elementor-element-5bfubpj elementor-section-boxed elementor-section-height-default elementor-section-height-default\" data-id=\"5bfubpj\" data-element_type=\"section\">\n\t\t\t\t\t\t<div class=\"elementor-container elementor-column-gap-default\">\n\t\t\t\t\t\t\t<div class=\"elementor-row\">\n\t\t\t\t\t<div class=\"elementor-column elementor-col-100 elementor-top-column elementor-element elementor-element-1vjy2bm\" data-id=\"1vjy2bm\" data-element_type=\"column\">\n\t\t\t<div class=\"elementor-column-wrap elementor-element-populated\">\n\t\t\t\t\t\t\t<div class=\"elementor-widget-wrap\">\n\t\t\t\t\t\t<div class=\"elementor-element elementor-element-ejvoemv elementor-widget elementor-widget-heading\" data-id=\"ejvoemv\" data-element_type=\"widget\" data-widget_type=\"heading.default\">\n\t\t\t\t<div class=\"elementor-widget-container\">\n\t\t\t<h2 class=\"elementor-heading-title elementor-size-default\">Uso do g\u00e1s de cozinha nos apartamentos\n<\/h2>\t\t<\/div>\n\t\t\t\t<\/div>\n\t\t\t\t\t\t<\/div>\n\t\t\t\t\t<\/div>\n\t\t<\/div>\n\t\t\t\t\t\t\t\t<\/div>\n\t\t\t\t\t<\/div>\n\t\t<\/section>\n\t\t\t\t<section class=\"elementor-section elementor-top-section elementor-element elementor-element-4h5ag1w elementor-section-boxed elementor-section-height-default elementor-section-height-default\" data-id=\"4h5ag1w\" data-element_type=\"section\">\n\t\t\t\t\t\t<div class=\"elementor-container elementor-column-gap-default\">\n\t\t\t\t\t\t\t<div class=\"elementor-row\">\n\t\t\t\t\t<div class=\"elementor-column elementor-col-100 elementor-top-column elementor-element elementor-element-bhbptv7\" data-id=\"bhbptv7\" data-element_type=\"column\">\n\t\t\t<div class=\"elementor-column-wrap elementor-element-populated\">\n\t\t\t\t\t\t\t<div class=\"elementor-widget-wrap\">\n\t\t\t\t\t\t<div class=\"elementor-element elementor-element-a0q6uri elementor-widget elementor-widget-text-editor\" data-id=\"a0q6uri\" data-element_type=\"widget\" data-widget_type=\"text-editor.default\">\n\t\t\t\t<div class=\"elementor-widget-container\">\n\t\t\t\t\t\t\t\t<div class=\"elementor-text-editor elementor-clearfix\">\n\t\t\t\t<p><span style=\"font-weight: 400;\">Antes de fazer furos\/quebras nas paredes ou piso no seu apartamento, procure a administra\u00e7\u00e3o do condom\u00ednio para obter informa\u00e7\u00f5es sobre o projeto de instala\u00e7\u00e3o de g\u00e1s. Furos e quebras em locais onde passam a tubula\u00e7\u00e3o de <\/span><strong><a href=\"https:\/\/www.fogas.com.br\/residencia\/propriedade-glp\/\">GLP<\/a><\/strong><span style=\"font-weight: 400;\"> podem ocasionar grandes vazamentos, como por exemplo, nos casos de instala\u00e7\u00e3o de arm\u00e1rios e modulados.<\/span><\/p><p>\u00a0<\/p><p><span style=\"font-weight: 400;\">Os tubos flex\u00edveis ou mangueiras aramadas usadas na instala\u00e7\u00e3o de fog\u00f5es, cooktop e forno nos apartamentos t\u00eam validade de 5 anos a partir da data de fabrica\u00e7\u00e3o. A data de fabrica\u00e7\u00e3o est\u00e1 indicada no r\u00f3tulo que acompanha o produto.<\/span><\/p><p>\u00a0<\/p><p><span style=\"font-weight: 400;\">Os reguladores e mangueiras instaladas nas \u00e1reas t\u00e9cnicas nos corredores tamb\u00e9m vencem depois de 5 anos da fabrica\u00e7\u00e3o. A validade \u00e9 indicada no corpo da mangueira e do regulador. \u00c9 importante fazer essa checagem periodicamente.<\/span><\/p>\t\t\t\t\t<\/div>\n\t\t\t\t\t\t<\/div>\n\t\t\t\t<\/div>\n\t\t\t\t\t\t<\/div>\n\t\t\t\t\t<\/div>\n\t\t<\/div>\n\t\t\t\t\t\t\t\t<\/div>\n\t\t\t\t\t<\/div>\n\t\t<\/section>\n\t\t\t\t<section class=\"elementor-section elementor-top-section elementor-element elementor-element-pb6o74p elementor-section-boxed elementor-section-height-default elementor-section-height-default\" data-id=\"pb6o74p\" data-element_type=\"section\">\n\t\t\t\t\t\t<div class=\"elementor-container elementor-column-gap-default\">\n\t\t\t\t\t\t\t<div class=\"elementor-row\">\n\t\t\t\t\t<div class=\"elementor-column elementor-col-100 elementor-top-column elementor-element elementor-element-zalghg4\" data-id=\"zalghg4\" data-element_type=\"column\">\n\t\t\t<div class=\"elementor-column-wrap elementor-element-populated\">\n\t\t\t\t\t\t\t<div class=\"elementor-widget-wrap\">\n\t\t\t\t\t\t<div class=\"elementor-element elementor-element-wkqbj8a elementor-widget elementor-widget-heading\" data-id=\"wkqbj8a\" data-element_type=\"widget\" data-widget_type=\"heading.default\">\n\t\t\t\t<div class=\"elementor-widget-container\">\n\t\t\t<h2 class=\"elementor-heading-title elementor-size-default\">Precisa solicitar a instala\u00e7\u00e3o de g\u00e1s do seu apartamento?<\/h2>\t\t<\/div>\n\t\t\t\t<\/div>\n\t\t\t\t<div class=\"elementor-element elementor-element-6cnwzme elementor-widget elementor-widget-text-editor\" data-id=\"6cnwzme\" data-element_type=\"widget\" data-widget_type=\"text-editor.default\">\n\t\t\t\t<div class=\"elementor-widget-container\">\n\t\t\t\t\t\t\t\t<div class=\"elementor-text-editor elementor-clearfix\">\n\t\t\t\t<p><span style=\"font-weight: 400;\">Certifique-se de que a central de g\u00e1s do seu condom\u00ednio \u00e9 da Fog\u00e1s e ligue gratuitamente para o <\/span><b>0800 709 9292 <\/b><span style=\"font-weight: 400;\">para solicitar agendamento do servi\u00e7o.\u00a0<\/span><\/p><p><span style=\"font-weight: 400;\">Ainda n\u00e3o definiu qual fornecedora vai abastecer o seu empreendimento? Solicite uma visita!<\/span><\/p>\t\t\t\t\t<\/div>\n\t\t\t\t\t\t<\/div>\n\t\t\t\t<\/div>\n\t\t\t\t\t\t<\/div>\n\t\t\t\t\t<\/div>\n\t\t<\/div>\n\t\t\t\t\t\t\t\t<\/div>\n\t\t\t\t\t<\/div>\n\t\t<\/section>\n\t\t\t\t<section class=\"elementor-section elementor-top-section elementor-element elementor-element-cizhou5 elementor-section-boxed elementor-section-height-default elementor-section-height-default\" data-id=\"cizhou5\" data-element_type=\"section\">\n\t\t\t\t\t\t<div class=\"elementor-container elementor-column-gap-default\">\n\t\t\t\t\t\t\t<div class=\"elementor-row\">\n\t\t\t\t\t<div class=\"elementor-column elementor-col-100 elementor-top-column elementor-element elementor-element-tdz3zsr\" data-id=\"tdz3zsr\" data-element_type=\"column\">\n\t\t\t<div class=\"elementor-column-wrap elementor-element-populated\">\n\t\t\t\t\t\t\t<div class=\"elementor-widget-wrap\">\n\t\t\t\t\t\t<div class=\"elementor-element elementor-element-1mne174 elementor-widget elementor-widget-image\" data-id=\"1mne174\" data-element_type=\"widget\" data-widget_type=\"image.default\">\n\t\t\t\t<div class=\"elementor-widget-container\">\n\t\t\t\t\t\t\t\t<div class=\"elementor-image\">\n\t\t\t\t\t\t\t\t\t\t\t\t\t<a href=\"https:\/\/sejaclientegranel.fogas.com.br\/\" target=\"_blank\">\n\t\t\t\t\t\t\t<img loading=\"lazy\" decoding=\"async\" width=\"300\" height=\"93\" src=\"https:\/\/fogas.com.br\/app\/uploads\/2017\/05\/empresa_botao_preenchaoformulario-300x93.png\" class=\"attachment-medium size-medium\" alt=\"\" srcset=\"https:\/\/fogas.com.br\/app\/uploads\/2017\/05\/empresa_botao_preenchaoformulario-300x93.png 300w, https:\/\/fogas.com.br\/app\/uploads\/2017\/05\/empresa_botao_preenchaoformulario.png 430w\" sizes=\"auto, (max-width: 300px) 100vw, 300px\" \/>\t\t\t\t\t\t\t\t<\/a>\n\t\t\t\t\t\t\t\t\t\t\t\t\t\t<\/div>\n\t\t\t\t\t\t<\/div>\n\t\t\t\t<\/div>\n\t\t\t\t\t\t<\/div>\n\t\t\t\t\t<\/div>\n\t\t<\/div>\n\t\t\t\t\t\t\t\t<\/div>\n\t\t\t\t\t<\/div>\n\t\t<\/section>\n\t\t\t\t\t\t<\/div>\n\t\t\t\t\t\t<\/div>\n\t\t\t\t\t<\/div>\n\t\t","protected":false},"excerpt":{"rendered":"<p>G\u00e1s para Condom\u00ednio Fog\u00e1s Granel &#8211; conhe\u00e7a o servi\u00e7o de abastecimento de g\u00e1s a granel para condom\u00ednio da Fog\u00e1s. Ainda no in\u00edcio na idealiza\u00e7\u00e3o do projeto do pr\u00f3prio condom\u00ednio, a Fog\u00e1s juntamente, com a Construtora, definem em conjunto todos os aspectos para instala\u00e7\u00e3o da central de g\u00e1s, em conformidade com as normas de seguran\u00e7a.\u00a0 Como &hellip; <a href=\"https:\/\/fogas.com.br\/?page_id=3315\">Continued<\/a><\/p>\n","protected":false},"author":1,"featured_media":0,"parent":854,"menu_order":0,"comment_status":"closed","ping_status":"closed","template":"","meta":{"footnotes":""},"class_list":["post-3315","page","type-page","status-publish","hentry"],"_links":{"self":[{"href":"https:\/\/fogas.com.br\/index.php?rest_route=\/wp\/v2\/pages\/3315","targetHints":{"allow":["GET"]}}],"collection":[{"href":"https:\/\/fogas.com.br\/index.php?rest_route=\/wp\/v2\/pages"}],"about":[{"href":"https:\/\/fogas.com.br\/index.php?rest_route=\/wp\/v2\/types\/page"}],"author":[{"embeddable":true,"href":"https:\/\/fogas.com.br\/index.php?rest_route=\/wp\/v2\/users\/1"}],"replies":[{"embeddable":true,"href":"https:\/\/fogas.com.br\/index.php?rest_route=%2Fwp%2Fv2%2Fcomments&post=3315"}],"version-history":[{"count":0,"href":"https:\/\/fogas.com.br\/index.php?rest_route=\/wp\/v2\/pages\/3315\/revisions"}],"up":[{"embeddable":true,"href":"https:\/\/fogas.com.br\/index.php?rest_route=\/wp\/v2\/pages\/854"}],"wp:attachment":[{"href":"https:\/\/fogas.com.br\/index.php?rest_route=%2Fwp%2Fv2%2Fmedia&parent=3315"}],"curies":[{"name":"wp","href":"https:\/\/api.w.org\/{rel}","templated":true}]}}