{"id":3295,"date":"2020-05-28T15:15:29","date_gmt":"2020-05-28T15:15:29","guid":{"rendered":"https:\/\/fogas.com.br\/?page_id=3295"},"modified":"2021-06-09T19:42:47","modified_gmt":"2021-06-09T19:42:47","slug":"botijao-de-gas-45kg","status":"publish","type":"page","link":"https:\/\/fogas.com.br\/?page_id=3295","title":{"rendered":"para Empresas &#8211; Botij\u00e3o de G\u00e1s 45Kg"},"content":{"rendered":"\t\t<div data-elementor-type=\"wp-page\" data-elementor-id=\"3295\" class=\"elementor elementor-3295 elementor-bc-flex-widget\" data-elementor-settings=\"[]\">\n\t\t\t\t\t\t<div class=\"elementor-inner\">\n\t\t\t\t\t\t\t<div class=\"elementor-section-wrap\">\n\t\t\t\t\t\t\t<section class=\"elementor-section elementor-top-section elementor-element elementor-element-rumhyrm elementor-section-boxed elementor-section-height-default elementor-section-height-default\" data-id=\"rumhyrm\" data-element_type=\"section\">\n\t\t\t\t\t\t<div class=\"elementor-container elementor-column-gap-default\">\n\t\t\t\t\t\t\t<div class=\"elementor-row\">\n\t\t\t\t\t<div class=\"elementor-column elementor-col-100 elementor-top-column elementor-element elementor-element-jpmndju\" data-id=\"jpmndju\" data-element_type=\"column\">\n\t\t\t<div class=\"elementor-column-wrap elementor-element-populated\">\n\t\t\t\t\t\t\t<div class=\"elementor-widget-wrap\">\n\t\t\t\t\t\t<div class=\"elementor-element elementor-element-kyaenhk elementor-widget elementor-widget-heading\" data-id=\"kyaenhk\" data-element_type=\"widget\" data-widget_type=\"heading.default\">\n\t\t\t\t<div class=\"elementor-widget-container\">\n\t\t\t<h1 class=\"elementor-heading-title elementor-size-default\">Botij\u00e3o de G\u00e1s 45kg<\/h1>\t\t<\/div>\n\t\t\t\t<\/div>\n\t\t\t\t<div class=\"elementor-element elementor-element-nos0yqf elementor-widget elementor-widget-text-editor\" data-id=\"nos0yqf\" data-element_type=\"widget\" data-widget_type=\"text-editor.default\">\n\t\t\t\t<div class=\"elementor-widget-container\">\n\t\t\t\t\t\t\t\t<div class=\"elementor-text-editor elementor-clearfix\">\n\t\t\t\t<p><i><span style=\"font-weight: 400;\"><strong>Exclusiva<\/strong> para uso em restaurantes, lanchonetes, cozinhas industriais e afins.<\/span><\/i><\/p><p>\u00a0<\/p><p><span style=\"font-weight: 400;\">O cilindro de P45 Kg \u00e9 um vasilhame com G\u00e1s Liquefeito de Petr\u00f3leo (GLP) recomendado para o uso em locais com maiores consumos de GLP como: restaurantes, lanchonetes, deliverys de alimentos, cozinhas industriais, padarias e outros estabelecimentos comerciais. Para o uso do botij\u00e3o de P45 Kg \u00e9 necess\u00e1rio projetar uma central de g\u00e1s, dentro das normas de seguran\u00e7a.<\/span><\/p><p>\u00a0<\/p><p><span style=\"font-weight: 400;\">Confira as revendas autorizadas onde voc\u00ea pode encontrar o seu botij\u00e3o 45 kg em nosso<\/span><strong><a href=\"https:\/\/www.fogas.com.br\/aplicativo\/\"> aplicativo de g\u00e1s<\/a><\/strong><span style=\"font-weight: 400;\">.<\/span><\/p>\t\t\t\t\t<\/div>\n\t\t\t\t\t\t<\/div>\n\t\t\t\t<\/div>\n\t\t\t\t\t\t<\/div>\n\t\t\t\t\t<\/div>\n\t\t<\/div>\n\t\t\t\t\t\t\t\t<\/div>\n\t\t\t\t\t<\/div>\n\t\t<\/section>\n\t\t\t\t<section class=\"elementor-section elementor-top-section elementor-element elementor-element-9bu1hvp elementor-section-boxed elementor-section-height-default elementor-section-height-default\" data-id=\"9bu1hvp\" data-element_type=\"section\">\n\t\t\t\t\t\t<div class=\"elementor-container elementor-column-gap-default\">\n\t\t\t\t\t\t\t<div class=\"elementor-row\">\n\t\t\t\t\t<div class=\"elementor-column elementor-col-100 elementor-top-column elementor-element elementor-element-lbn85mj\" data-id=\"lbn85mj\" data-element_type=\"column\">\n\t\t\t<div class=\"elementor-column-wrap elementor-element-populated\">\n\t\t\t\t\t\t\t<div class=\"elementor-widget-wrap\">\n\t\t\t\t\t\t<div class=\"elementor-element elementor-element-j7j72e6 elementor-widget elementor-widget-image\" data-id=\"j7j72e6\" data-element_type=\"widget\" data-widget_type=\"image.default\">\n\t\t\t\t<div class=\"elementor-widget-container\">\n\t\t\t\t\t\t\t\t<div class=\"elementor-image\">\n\t\t\t\t\t\t\t\t\t\t\t\t<img loading=\"lazy\" decoding=\"async\" width=\"768\" height=\"664\" src=\"https:\/\/fogas.com.br\/app\/uploads\/2020\/05\/todas-as-botijas-1-768x664.png\" class=\"attachment-medium_large size-medium_large\" alt=\"\" srcset=\"https:\/\/fogas.com.br\/app\/uploads\/2020\/05\/todas-as-botijas-1-768x664.png 768w, https:\/\/fogas.com.br\/app\/uploads\/2020\/05\/todas-as-botijas-1-300x259.png 300w, https:\/\/fogas.com.br\/app\/uploads\/2020\/05\/todas-as-botijas-1-1024x885.png 1024w, https:\/\/fogas.com.br\/app\/uploads\/2020\/05\/todas-as-botijas-1-1536x1327.png 1536w, https:\/\/fogas.com.br\/app\/uploads\/2020\/05\/todas-as-botijas-1-2048x1769.png 2048w, https:\/\/fogas.com.br\/app\/uploads\/2020\/05\/todas-as-botijas-1-231x200.png 231w\" sizes=\"auto, (max-width: 768px) 100vw, 768px\" \/>\t\t\t\t\t\t\t\t\t\t\t\t\t\t<\/div>\n\t\t\t\t\t\t<\/div>\n\t\t\t\t<\/div>\n\t\t\t\t\t\t<\/div>\n\t\t\t\t\t<\/div>\n\t\t<\/div>\n\t\t\t\t\t\t\t\t<\/div>\n\t\t\t\t\t<\/div>\n\t\t<\/section>\n\t\t\t\t<section class=\"elementor-section elementor-top-section elementor-element elementor-element-vtnwbkl elementor-section-boxed elementor-section-height-default elementor-section-height-default\" data-id=\"vtnwbkl\" data-element_type=\"section\">\n\t\t\t\t\t\t<div class=\"elementor-container elementor-column-gap-default\">\n\t\t\t\t\t\t\t<div class=\"elementor-row\">\n\t\t\t\t\t<div class=\"elementor-column elementor-col-100 elementor-top-column elementor-element elementor-element-u8dzh90\" data-id=\"u8dzh90\" data-element_type=\"column\">\n\t\t\t<div class=\"elementor-column-wrap elementor-element-populated\">\n\t\t\t\t\t\t\t<div class=\"elementor-widget-wrap\">\n\t\t\t\t\t\t<div class=\"elementor-element elementor-element-s69kpun elementor-widget elementor-widget-heading\" data-id=\"s69kpun\" data-element_type=\"widget\" data-widget_type=\"heading.default\">\n\t\t\t\t<div class=\"elementor-widget-container\">\n\t\t\t<h3 class=\"elementor-heading-title elementor-size-default\">Confira as dimens\u00f5es do botij\u00e3o de g\u00e1s de 45kg\n\n\n\n\n<\/h3>\t\t<\/div>\n\t\t\t\t<\/div>\n\t\t\t\t<div class=\"elementor-element elementor-element-q15dd3q elementor-widget elementor-widget-image\" data-id=\"q15dd3q\" data-element_type=\"widget\" data-widget_type=\"image.default\">\n\t\t\t\t<div class=\"elementor-widget-container\">\n\t\t\t\t\t\t\t\t<div class=\"elementor-image\">\n\t\t\t\t\t\t\t\t\t\t\t\t<img loading=\"lazy\" decoding=\"async\" width=\"256\" height=\"300\" src=\"https:\/\/fogas.com.br\/app\/uploads\/2021\/03\/p45-tamanho_Prancheta-1-1-256x300.png\" class=\"attachment-medium size-medium\" alt=\"\" srcset=\"https:\/\/fogas.com.br\/app\/uploads\/2021\/03\/p45-tamanho_Prancheta-1-1-256x300.png 256w, https:\/\/fogas.com.br\/app\/uploads\/2021\/03\/p45-tamanho_Prancheta-1-1-171x200.png 171w, https:\/\/fogas.com.br\/app\/uploads\/2021\/03\/p45-tamanho_Prancheta-1-1.png 737w\" sizes=\"auto, (max-width: 256px) 100vw, 256px\" \/>\t\t\t\t\t\t\t\t\t\t\t\t\t\t<\/div>\n\t\t\t\t\t\t<\/div>\n\t\t\t\t<\/div>\n\t\t\t\t<div class=\"elementor-element elementor-element-mxssdmz elementor-widget elementor-widget-text-editor\" data-id=\"mxssdmz\" data-element_type=\"widget\" data-widget_type=\"text-editor.default\">\n\t\t\t\t<div class=\"elementor-widget-container\">\n\t\t\t\t\t\t\t\t<div class=\"elementor-text-editor elementor-clearfix\">\n\t\t\t\t<p><b>Equipamentos compat\u00edveis<\/b><\/p><p>\u00a0<\/p><p><span style=\"font-weight: 400;\">Fog\u00f5es industriais e residenciais;<\/span><\/p><p><span style=\"font-weight: 400;\">Chapas;<\/span><\/p><p><span style=\"font-weight: 400;\">Fritadeiras a g\u00e1s;<\/span><\/p><p><span style=\"font-weight: 400;\">Churrasqueiras;<\/span><\/p><p><span style=\"font-weight: 400;\">Char Broiler;<\/span><\/p><p><span style=\"font-weight: 400;\">Fornos Industriais;<\/span><\/p><p><span style=\"font-weight: 400;\">Aquecedores de \u00e1gua;<\/span><\/p><p><span style=\"font-weight: 400;\">Estufas de secagem<\/span><\/p><p><span style=\"font-weight: 400;\">Outros.<\/span><\/p>\t\t\t\t\t<\/div>\n\t\t\t\t\t\t<\/div>\n\t\t\t\t<\/div>\n\t\t\t\t\t\t<\/div>\n\t\t\t\t\t<\/div>\n\t\t<\/div>\n\t\t\t\t\t\t\t\t<\/div>\n\t\t\t\t\t<\/div>\n\t\t<\/section>\n\t\t\t\t<section class=\"elementor-section elementor-top-section elementor-element elementor-element-ewnjxly elementor-section-boxed elementor-section-height-default elementor-section-height-default\" data-id=\"ewnjxly\" data-element_type=\"section\">\n\t\t\t\t\t\t<div class=\"elementor-container elementor-column-gap-default\">\n\t\t\t\t\t\t\t<div class=\"elementor-row\">\n\t\t\t\t\t<div class=\"elementor-column elementor-col-25 elementor-top-column elementor-element elementor-element-81efy3p\" data-id=\"81efy3p\" data-element_type=\"column\">\n\t\t\t<div class=\"elementor-column-wrap\">\n\t\t\t\t\t\t\t<div class=\"elementor-widget-wrap\">\n\t\t\t\t\t\t\t\t<\/div>\n\t\t\t\t\t<\/div>\n\t\t<\/div>\n\t\t\t\t<div class=\"elementor-column elementor-col-50 elementor-top-column elementor-element elementor-element-dyc7rz8\" data-id=\"dyc7rz8\" data-element_type=\"column\">\n\t\t\t<div class=\"elementor-column-wrap elementor-element-populated\">\n\t\t\t\t\t\t\t<div class=\"elementor-widget-wrap\">\n\t\t\t\t\t\t<div class=\"elementor-element elementor-element-uso8c80 elementor-aspect-ratio-169 elementor-widget elementor-widget-video\" data-id=\"uso8c80\" data-element_type=\"widget\" data-settings=\"{&quot;youtube_url&quot;:&quot;https:\\\/\\\/youtu.be\\\/fmQei9cmLDY&quot;,&quot;video_type&quot;:&quot;youtube&quot;,&quot;controls&quot;:&quot;yes&quot;,&quot;aspect_ratio&quot;:&quot;169&quot;}\" data-widget_type=\"video.default\">\n\t\t\t\t<div class=\"elementor-widget-container\">\n\t\t\t\t\t<div class=\"elementor-wrapper elementor-fit-aspect-ratio elementor-open-inline\">\n\t\t\t<div class=\"elementor-video\"><\/div>\t\t<\/div>\n\t\t\t\t<\/div>\n\t\t\t\t<\/div>\n\t\t\t\t\t\t<\/div>\n\t\t\t\t\t<\/div>\n\t\t<\/div>\n\t\t\t\t<div class=\"elementor-column elementor-col-25 elementor-top-column elementor-element elementor-element-hn7oqnm\" data-id=\"hn7oqnm\" data-element_type=\"column\">\n\t\t\t<div class=\"elementor-column-wrap\">\n\t\t\t\t\t\t\t<div class=\"elementor-widget-wrap\">\n\t\t\t\t\t\t\t\t<\/div>\n\t\t\t\t\t<\/div>\n\t\t<\/div>\n\t\t\t\t\t\t\t\t<\/div>\n\t\t\t\t\t<\/div>\n\t\t<\/section>\n\t\t\t\t<section class=\"elementor-section elementor-top-section elementor-element elementor-element-pb6o74p elementor-section-boxed elementor-section-height-default elementor-section-height-default\" data-id=\"pb6o74p\" data-element_type=\"section\">\n\t\t\t\t\t\t<div class=\"elementor-container elementor-column-gap-default\">\n\t\t\t\t\t\t\t<div class=\"elementor-row\">\n\t\t\t\t\t<div class=\"elementor-column elementor-col-100 elementor-top-column elementor-element elementor-element-zalghg4\" data-id=\"zalghg4\" data-element_type=\"column\">\n\t\t\t<div class=\"elementor-column-wrap elementor-element-populated\">\n\t\t\t\t\t\t\t<div class=\"elementor-widget-wrap\">\n\t\t\t\t\t\t<div class=\"elementor-element elementor-element-6cnwzme elementor-widget elementor-widget-text-editor\" data-id=\"6cnwzme\" data-element_type=\"widget\" data-widget_type=\"text-editor.default\">\n\t\t\t\t<div class=\"elementor-widget-container\">\n\t\t\t\t\t\t\t\t<div class=\"elementor-text-editor elementor-clearfix\">\n\t\t\t\t<p><b>O que a Fog\u00e1s oferece?<\/b><\/p><p><b>Projeto e instala\u00e7\u00e3o &#8211; <\/b><span style=\"font-weight: 400;\">Projetamos e instalamos a sua Central, de acordo com a necessidade do seu estabelecimento e em conformidade com as normas de seguran\u00e7a.\u00a0<\/span><\/p><p><b>Abastecimento &#8211; <\/b><span style=\"font-weight: 400;\">Os botij\u00f5es de P45 Kg da Fog\u00e1s s\u00e3o recipientes transport\u00e1veis e s\u00e3o encontrados nas revendas autorizadas atrav\u00e9s do App Fog\u00e1s. Ap\u00f3s o seu consumo total, ele deve ser substitu\u00eddo por outro vasilhame cheio.\u00a0<\/span><\/p><p><b>Cumprimento das normas de seguran\u00e7a &#8211; <\/b><span style=\"font-weight: 400;\">A instala\u00e7\u00e3o de uma central de P45 Kg \u00e9 realizada em conformidade com as <\/span><b>NBRs<\/b><span style=\"font-weight: 400;\"> atualizadas, <\/span><b>NR 20,<\/b><span style=\"font-weight: 400;\"> e <\/span><b>Portaria 47\/99 ANP<\/b><span style=\"font-weight: 400;\">. A Fog\u00e1s \u00e9 certificada no Sistema de Gest\u00e3o Integrado (SGI) que compreende as normas ISO 9001 (qualidade) ISO 14001 (meio ambiente) e OHSAS 18001 (seguran\u00e7a e sa\u00fade ocupacional).<\/span><\/p><p><b>Sobre a seguran\u00e7a<\/b><\/p><p><span style=\"font-weight: 400;\">Todas as nossas instala\u00e7\u00f5es s\u00e3o realizadas em conformidade com os crit\u00e9rios de seguran\u00e7a exigidos pelas normas e legisla\u00e7\u00f5es vigentes. Toda central de P45 Kg possui um sistema de seguran\u00e7a composto por v\u00e1lvulas de fecho r\u00e1pido e sistema de regulagem. Al\u00e9m das pr\u00f3prias v\u00e1lvulas de seguran\u00e7a que fazem parte da estrutura do cilindro.<\/span><\/p><p><span style=\"font-weight: 400;\">Ap\u00f3s a finaliza\u00e7\u00e3o da instala\u00e7\u00e3o, \u00e9 realizado o teste de estanqueidade, a fim de garantir que toda a instala\u00e7\u00e3o esteja estanque e sem vazamentos.\u00a0<\/span><\/p><p><b>Opera\u00e7\u00f5es da Central<\/b><\/p><ul><li style=\"font-weight: 400;\" aria-level=\"1\"><span style=\"font-weight: 400;\">A conex\u00e3o do pigtail na multiv\u00e1lvula de P45 Kg \u00e9 roscado para a esquerda, ou seja, sentido anti-hor\u00e1rio.<\/span><\/li><li style=\"font-weight: 400;\" aria-level=\"1\"><span style=\"font-weight: 400;\">Fa\u00e7a o teste de vazamento abrindo a v\u00e1lvula de bloqueio da bateria e teste as conex\u00f5es e a v\u00e1lvula de consumo do cilindro, colocando \u00e1gua e sab\u00e3o, se n\u00e3o houver bolhas, est\u00e1 seguro sem vazamentos.\u00a0<\/span><\/li><li style=\"font-weight: 400;\" aria-level=\"1\"><span style=\"font-weight: 400;\">Para iniciar o uso do g\u00e1s, \u00e9 s\u00f3 abrir a v\u00e1lvula angular que conecta a tubula\u00e7\u00e3o de g\u00e1s ao equipamento, por meio do tubo flex\u00edvel.\u00a0<\/span><\/li><\/ul><p><b>D\u00favidas frequentes:<\/b><\/p><p><b>QUAIS LOCAIS PODEM TER UMA CENTRAL DE P45 Kg?<\/b><\/p><p><span style=\"font-weight: 400;\">Com\u00e9rcios que fazem o uso do GLP como: restaurantes, delivery, lanchonetes, panificadoras, pizzarias, cozinhas industriais etc.\u00a0<\/span><\/p><p><b>QUAIS S\u00c3O OS INVESTIMENTOS NECESS\u00c1RIOS PARA A IMPLANTA\u00c7\u00c3O DE UMA CENTRAL DE G\u00c1S?<\/b><\/p><p><span style=\"font-weight: 400;\">O projeto \u00e9 gratuito. Os botij\u00f5es s\u00e3o adquiridos pelo cliente em nossas Revendas Autorizadas Fog\u00e1s. Para a instala\u00e7\u00e3o da central e rede de distribui\u00e7\u00e3o, \u00e9 cobrado apenas o material usado e a m\u00e3o de obra necess\u00e1ria para a instala\u00e7\u00e3o.<\/span><\/p><p><b>QUANTO TEMPO DEMORA ENTRE O CONTATO DO CLIENTE COM A FOG\u00c1S E A INSTALA\u00c7\u00c3O DA CENTRAL P45 NO SEU ESTABELECIMENTO?\u00a0<\/b><\/p><p><span style=\"font-weight: 400;\">Ap\u00f3s a solicita\u00e7\u00e3o do cliente, a instala\u00e7\u00e3o da central \u00e9 executada no prazo de at\u00e9 10 dias.<\/span><\/p><p><b>COMO FA\u00c7O PARA ADQUIRIR O CILINDRO DE 45KG?<\/b><\/p><p><span style=\"font-weight: 400;\">O cilindro de 45kg \u00e9 comercializado pelas nossas Revendas Autorizadas Fog\u00e1s. Para saber o pre\u00e7o, baixe gr\u00e1tis o aplicativo Fog\u00e1s pelo Google Play ou App Store.\u00a0<\/span><\/p><p><span style=\"font-weight: 400;\">No App, voc\u00ea ver\u00e1 quais s\u00e3o as revendas mais pr\u00f3ximas da sua regi\u00e3o que comercializam o cilindro. Voc\u00ea tamb\u00e9m poder\u00e1 visualizar os pre\u00e7os em todas elas.\u00a0<\/span><\/p><p><b>AL\u00c9M DA CENTRAL DE 45Kg, A FOG\u00c1S TEM OUTRA OP\u00c7\u00c3O DE CONSUMO DE GLP PARA USO INDUSTRIAL?<\/b><\/p><p><span style=\"font-weight: 400;\">Os estabelecimentos que possuem a necessidade de um armazenamento maior de GLP, \u00e9 indicado o abastecimento a Granel. Saiba mais em <a href=\"https:\/\/sejaclientegranel.fogas.com.br\/\"><strong>www.<\/strong><\/a><\/span><b>fogas.com.br\/granel.\u00a0<\/b><\/p><p><b>Solicite agora mesmo a sua central de g\u00e1s de P45Kg!<\/b><\/p>\t\t\t\t\t<\/div>\n\t\t\t\t\t\t<\/div>\n\t\t\t\t<\/div>\n\t\t\t\t\t\t<\/div>\n\t\t\t\t\t<\/div>\n\t\t<\/div>\n\t\t\t\t\t\t\t\t<\/div>\n\t\t\t\t\t<\/div>\n\t\t<\/section>\n\t\t\t\t<section class=\"elementor-section elementor-top-section elementor-element elementor-element-ajpqpjn elementor-section-boxed elementor-section-height-default elementor-section-height-default\" data-id=\"ajpqpjn\" data-element_type=\"section\">\n\t\t\t\t\t\t<div class=\"elementor-container elementor-column-gap-default\">\n\t\t\t\t\t\t\t<div class=\"elementor-row\">\n\t\t\t\t\t<div class=\"elementor-column elementor-col-100 elementor-top-column elementor-element elementor-element-mkpehoz\" data-id=\"mkpehoz\" data-element_type=\"column\">\n\t\t\t<div class=\"elementor-column-wrap\">\n\t\t\t\t\t\t\t<div class=\"elementor-widget-wrap\">\n\t\t\t\t\t\t\t\t<\/div>\n\t\t\t\t\t<\/div>\n\t\t<\/div>\n\t\t\t\t\t\t\t\t<\/div>\n\t\t\t\t\t<\/div>\n\t\t<\/section>\n\t\t\t\t\t\t<\/div>\n\t\t\t\t\t\t<\/div>\n\t\t\t\t\t<\/div>\n\t\t","protected":false},"excerpt":{"rendered":"<p>Botij\u00e3o de G\u00e1s 45kg Exclusiva para uso em restaurantes, lanchonetes, cozinhas industriais e afins. \u00a0 O cilindro de P45 Kg \u00e9 um vasilhame com G\u00e1s Liquefeito de Petr\u00f3leo (GLP) recomendado para o uso em locais com maiores consumos de GLP como: restaurantes, lanchonetes, deliverys de alimentos, cozinhas industriais, padarias e outros estabelecimentos comerciais. Para o &hellip; <a href=\"https:\/\/fogas.com.br\/?page_id=3295\">Continued<\/a><\/p>\n","protected":false},"author":1,"featured_media":0,"parent":854,"menu_order":0,"comment_status":"closed","ping_status":"closed","template":"","meta":{"footnotes":""},"class_list":["post-3295","page","type-page","status-publish","hentry"],"_links":{"self":[{"href":"https:\/\/fogas.com.br\/index.php?rest_route=\/wp\/v2\/pages\/3295","targetHints":{"allow":["GET"]}}],"collection":[{"href":"https:\/\/fogas.com.br\/index.php?rest_route=\/wp\/v2\/pages"}],"about":[{"href":"https:\/\/fogas.com.br\/index.php?rest_route=\/wp\/v2\/types\/page"}],"author":[{"embeddable":true,"href":"https:\/\/fogas.com.br\/index.php?rest_route=\/wp\/v2\/users\/1"}],"replies":[{"embeddable":true,"href":"https:\/\/fogas.com.br\/index.php?rest_route=%2Fwp%2Fv2%2Fcomments&post=3295"}],"version-history":[{"count":0,"href":"https:\/\/fogas.com.br\/index.php?rest_route=\/wp\/v2\/pages\/3295\/revisions"}],"up":[{"embeddable":true,"href":"https:\/\/fogas.com.br\/index.php?rest_route=\/wp\/v2\/pages\/854"}],"wp:attachment":[{"href":"https:\/\/fogas.com.br\/index.php?rest_route=%2Fwp%2Fv2%2Fmedia&parent=3295"}],"curies":[{"name":"wp","href":"https:\/\/api.w.org\/{rel}","templated":true}]}}