{"id":1274,"date":"2017-06-04T19:23:40","date_gmt":"2017-06-04T19:23:40","guid":{"rendered":"https:\/\/fogas.com.br\/?page_id=1274"},"modified":"2024-06-28T12:18:10","modified_gmt":"2024-06-28T12:18:10","slug":"contato-granel","status":"publish","type":"page","link":"https:\/\/fogas.com.br\/?page_id=1274","title":{"rendered":"Contato &#8211; Granel"},"content":{"rendered":"\t\t<div data-elementor-type=\"wp-page\" data-elementor-id=\"1274\" class=\"elementor elementor-1274\" data-elementor-settings=\"[]\">\n\t\t\t\t\t\t<div class=\"elementor-inner\">\n\t\t\t\t\t\t\t<div class=\"elementor-section-wrap\">\n\t\t\t\t\t\t\t<section class=\"elementor-section elementor-top-section elementor-element elementor-element-aktbpdg elementor-section-height-min-height elementor-section-boxed elementor-section-height-default elementor-section-items-middle\" data-id=\"aktbpdg\" data-element_type=\"section\" data-settings=\"{&quot;background_background&quot;:&quot;classic&quot;}\">\n\t\t\t\t\t\t<div class=\"elementor-container elementor-column-gap-default\">\n\t\t\t\t\t\t\t<div class=\"elementor-row\">\n\t\t\t\t\t<div class=\"elementor-column elementor-col-100 elementor-top-column elementor-element elementor-element-smpezmh\" data-id=\"smpezmh\" data-element_type=\"column\" data-settings=\"{&quot;background_background&quot;:&quot;gradient&quot;}\">\n\t\t\t<div class=\"elementor-column-wrap elementor-element-populated\">\n\t\t\t\t\t<div class=\"elementor-background-overlay\"><\/div>\n\t\t\t\t\t\t\t<div class=\"elementor-widget-wrap\">\n\t\t\t\t\t\t<div class=\"elementor-element elementor-element-xagknju elementor-widget elementor-widget-heading\" data-id=\"xagknju\" data-element_type=\"widget\" data-widget_type=\"heading.default\">\n\t\t\t\t<div class=\"elementor-widget-container\">\n\t\t\t<h1 class=\"elementor-heading-title elementor-size-default\">Contato<\/h1>\t\t<\/div>\n\t\t\t\t<\/div>\n\t\t\t\t<div class=\"elementor-element elementor-element-rpjrwcy elementor-widget elementor-widget-heading\" data-id=\"rpjrwcy\" data-element_type=\"widget\" data-widget_type=\"heading.default\">\n\t\t\t\t<div class=\"elementor-widget-container\">\n\t\t\t<h3 class=\"elementor-heading-title elementor-size-default\">Nossa Central de Relacionamento<\/h3>\t\t<\/div>\n\t\t\t\t<\/div>\n\t\t\t\t\t\t<\/div>\n\t\t\t\t\t<\/div>\n\t\t<\/div>\n\t\t\t\t\t\t\t\t<\/div>\n\t\t\t\t\t<\/div>\n\t\t<\/section>\n\t\t\t\t<section class=\"elementor-section elementor-top-section elementor-element elementor-element-khrvkxg elementor-section-boxed elementor-section-height-default elementor-section-height-default\" data-id=\"khrvkxg\" data-element_type=\"section\">\n\t\t\t\t\t\t<div class=\"elementor-container elementor-column-gap-default\">\n\t\t\t\t\t\t\t<div class=\"elementor-row\">\n\t\t\t\t\t<div class=\"elementor-column elementor-col-100 elementor-top-column elementor-element elementor-element-fjecprw\" data-id=\"fjecprw\" data-element_type=\"column\">\n\t\t\t<div class=\"elementor-column-wrap elementor-element-populated\">\n\t\t\t\t\t\t\t<div class=\"elementor-widget-wrap\">\n\t\t\t\t\t\t<div class=\"elementor-element elementor-element-pzzubkf elementor-widget elementor-widget-heading\" data-id=\"pzzubkf\" data-element_type=\"widget\" data-widget_type=\"heading.default\">\n\t\t\t\t<div class=\"elementor-widget-container\">\n\t\t\t<h3 class=\"elementor-heading-title elementor-size-default\">Selecione uma Op\u00e7\u00e3o<\/h3>\t\t<\/div>\n\t\t\t\t<\/div>\n\t\t\t\t\t\t<\/div>\n\t\t\t\t\t<\/div>\n\t\t<\/div>\n\t\t\t\t\t\t\t\t<\/div>\n\t\t\t\t\t<\/div>\n\t\t<\/section>\n\t\t\t\t<section class=\"elementor-section elementor-top-section elementor-element elementor-element-hdmuqgg elementor-section-boxed elementor-section-height-default elementor-section-height-default\" data-id=\"hdmuqgg\" data-element_type=\"section\">\n\t\t\t\t\t\t<div class=\"elementor-container elementor-column-gap-default\">\n\t\t\t\t\t\t\t<div class=\"elementor-row\">\n\t\t\t\t\t<div class=\"elementor-column elementor-col-100 elementor-top-column elementor-element elementor-element-jwhvvhl\" data-id=\"jwhvvhl\" data-element_type=\"column\">\n\t\t\t<div class=\"elementor-column-wrap elementor-element-populated\">\n\t\t\t\t\t\t\t<div class=\"elementor-widget-wrap\">\n\t\t\t\t\t\t<div class=\"elementor-element elementor-element-elmxtkp elementor-align-left elementor-widget elementor-widget-button\" data-id=\"elmxtkp\" data-element_type=\"widget\" data-widget_type=\"button.default\">\n\t\t\t\t<div class=\"elementor-widget-container\">\n\t\t\t\t\t<div class=\"elementor-button-wrapper\">\n\t\t\t<a href=\"?page_id=1270\" class=\"elementor-button-link elementor-button elementor-size-sm\" role=\"button\">\n\t\t\t\t\t\t<span class=\"elementor-button-content-wrapper\">\n\t\t\t\t\t\t<span class=\"elementor-button-text\">Revendedor<\/span>\n\t\t<\/span>\n\t\t\t\t\t<\/a>\n\t\t<\/div>\n\t\t\t\t<\/div>\n\t\t\t\t<\/div>\n\t\t\t\t<div class=\"elementor-element elementor-element-nudwbys elementor-align-left elementor-widget elementor-widget-button\" data-id=\"nudwbys\" data-element_type=\"widget\" data-widget_type=\"button.default\">\n\t\t\t\t<div class=\"elementor-widget-container\">\n\t\t\t\t\t<div class=\"elementor-button-wrapper\">\n\t\t\t<a href=\"?page_id=987\" class=\"elementor-button-link elementor-button elementor-size-sm\" role=\"button\">\n\t\t\t\t\t\t<span class=\"elementor-button-content-wrapper\">\n\t\t\t\t\t\t<span class=\"elementor-button-text\">Consumidor<\/span>\n\t\t<\/span>\n\t\t\t\t\t<\/a>\n\t\t<\/div>\n\t\t\t\t<\/div>\n\t\t\t\t<\/div>\n\t\t\t\t<div class=\"elementor-element elementor-element-qrglrtm elementor-align-left elementor-widget elementor-widget-button\" data-id=\"qrglrtm\" data-element_type=\"widget\" data-widget_type=\"button.default\">\n\t\t\t\t<div class=\"elementor-widget-container\">\n\t\t\t\t\t<div class=\"elementor-button-wrapper\">\n\t\t\t<a class=\"elementor-button elementor-size-sm\" role=\"button\">\n\t\t\t\t\t\t<span class=\"elementor-button-content-wrapper\">\n\t\t\t\t\t\t<span class=\"elementor-button-text\">Granel<\/span>\n\t\t<\/span>\n\t\t\t\t\t<\/a>\n\t\t<\/div>\n\t\t\t\t<\/div>\n\t\t\t\t<\/div>\n\t\t\t\t<div class=\"elementor-element elementor-element-bfcvedg elementor-widget elementor-widget-button\" data-id=\"bfcvedg\" data-element_type=\"widget\" data-widget_type=\"button.default\">\n\t\t\t\t<div class=\"elementor-widget-container\">\n\t\t\t\t\t<div class=\"elementor-button-wrapper\">\n\t\t\t<a href=\"?page_id=993\" class=\"elementor-button-link elementor-button elementor-size-sm\" role=\"button\">\n\t\t\t\t\t\t<span class=\"elementor-button-content-wrapper\">\n\t\t\t\t\t\t<span class=\"elementor-button-text\">Fornecedor<\/span>\n\t\t<\/span>\n\t\t\t\t\t<\/a>\n\t\t<\/div>\n\t\t\t\t<\/div>\n\t\t\t\t<\/div>\n\t\t\t\t<div class=\"elementor-element elementor-element-wejvuka elementor-widget elementor-widget-button\" data-id=\"wejvuka\" data-element_type=\"widget\" data-widget_type=\"button.default\">\n\t\t\t\t<div class=\"elementor-widget-container\">\n\t\t\t\t\t<div class=\"elementor-button-wrapper\">\n\t\t\t<a href=\"https:\/\/vagasfogas.gupy.io\/\" target=\"_blank\" class=\"elementor-button-link elementor-button elementor-size-sm\" role=\"button\">\n\t\t\t\t\t\t<span class=\"elementor-button-content-wrapper\">\n\t\t\t\t\t\t<span class=\"elementor-button-text\">Trabalhe Conosco<\/span>\n\t\t<\/span>\n\t\t\t\t\t<\/a>\n\t\t<\/div>\n\t\t\t\t<\/div>\n\t\t\t\t<\/div>\n\t\t\t\t<div class=\"elementor-element elementor-element-ahfbmcn elementor-align-left elementor-widget elementor-widget-button\" data-id=\"ahfbmcn\" data-element_type=\"widget\" data-widget_type=\"button.default\">\n\t\t\t\t<div class=\"elementor-widget-container\">\n\t\t\t\t\t<div class=\"elementor-button-wrapper\">\n\t\t\t<a href=\"?page_id=1276\" class=\"elementor-button-link elementor-button elementor-size-sm\" role=\"button\">\n\t\t\t\t\t\t<span class=\"elementor-button-content-wrapper\">\n\t\t\t\t\t\t<span class=\"elementor-button-text\">Programa de Integridade<\/span>\n\t\t<\/span>\n\t\t\t\t\t<\/a>\n\t\t<\/div>\n\t\t\t\t<\/div>\n\t\t\t\t<\/div>\n\t\t\t\t<div class=\"elementor-element elementor-element-e1f397c elementor-align-left elementor-widget elementor-widget-button\" data-id=\"e1f397c\" data-element_type=\"widget\" data-widget_type=\"button.default\">\n\t\t\t\t<div class=\"elementor-widget-container\">\n\t\t\t\t\t<div class=\"elementor-button-wrapper\">\n\t\t\t<a href=\"?page_id=4421\" class=\"elementor-button-link elementor-button elementor-size-sm\" role=\"button\">\n\t\t\t\t\t\t<span class=\"elementor-button-content-wrapper\">\n\t\t\t\t\t\t<span class=\"elementor-button-text\">Privacidade de Dados<\/span>\n\t\t<\/span>\n\t\t\t\t\t<\/a>\n\t\t<\/div>\n\t\t\t\t<\/div>\n\t\t\t\t<\/div>\n\t\t\t\t\t\t<\/div>\n\t\t\t\t\t<\/div>\n\t\t<\/div>\n\t\t\t\t\t\t\t\t<\/div>\n\t\t\t\t\t<\/div>\n\t\t<\/section>\n\t\t\t\t<section class=\"elementor-section elementor-top-section elementor-element elementor-element-enmhclx elementor-section-boxed elementor-section-height-default elementor-section-height-default\" data-id=\"enmhclx\" data-element_type=\"section\">\n\t\t\t\t\t\t<div class=\"elementor-container elementor-column-gap-default\">\n\t\t\t\t\t\t\t<div class=\"elementor-row\">\n\t\t\t\t\t<div class=\"elementor-column elementor-col-50 elementor-top-column elementor-element elementor-element-qfoyrpw\" data-id=\"qfoyrpw\" data-element_type=\"column\">\n\t\t\t<div class=\"elementor-column-wrap elementor-element-populated\">\n\t\t\t\t\t\t\t<div class=\"elementor-widget-wrap\">\n\t\t\t\t\t\t<div class=\"elementor-element elementor-element-vagiuyb elementor-widget elementor-widget-shortcode\" data-id=\"vagiuyb\" data-element_type=\"widget\" data-widget_type=\"shortcode.default\">\n\t\t\t\t<div class=\"elementor-widget-container\">\n\t\t\t\t\t<div class=\"elementor-shortcode\"><div role=\"form\" class=\"wpcf7\" id=\"wpcf7-f1283-o1\" lang=\"en-US\" dir=\"ltr\">\n<div class=\"screen-reader-response\"><p role=\"status\" aria-live=\"polite\" aria-atomic=\"true\"><\/p> <ul><\/ul><\/div>\n<form action=\"\/index.php?rest_route=%2Fwp%2Fv2%2Fpages%2F1274#wpcf7-f1283-o1\" method=\"post\" class=\"wpcf7-form init\" novalidate=\"novalidate\" data-status=\"init\">\n<div style=\"display: none;\">\n<input type=\"hidden\" name=\"_wpcf7\" value=\"1283\" \/>\n<input type=\"hidden\" name=\"_wpcf7_version\" value=\"5.5.6\" \/>\n<input type=\"hidden\" name=\"_wpcf7_locale\" value=\"en_US\" \/>\n<input type=\"hidden\" name=\"_wpcf7_unit_tag\" value=\"wpcf7-f1283-o1\" \/>\n<input type=\"hidden\" name=\"_wpcf7_container_post\" value=\"0\" \/>\n<input type=\"hidden\" name=\"_wpcf7_posted_data_hash\" value=\"\" \/>\n<input type=\"hidden\" name=\"_wpcf7_recaptcha_response\" value=\"\" \/>\n<\/div>\n<p><label>Voc\u00ea j\u00e1 \u00e9 cliente fog\u00e1s?<br \/>\n     <span class=\"wpcf7-form-control-wrap ja-cliente\"><span class=\"wpcf7-form-control wpcf7-radio\"><span class=\"wpcf7-list-item first\"><input type=\"radio\" name=\"ja-cliente\" value=\"sim\" checked=\"checked\" \/><span class=\"wpcf7-list-item-label\">sim<\/span><\/span><span class=\"wpcf7-list-item last\"><input type=\"radio\" name=\"ja-cliente\" value=\"n\u00e3o\" \/><span class=\"wpcf7-list-item-label\">n\u00e3o<\/span><\/span><\/span><\/span><\/label><\/p>\n<p><label> Nome da Empresa<br \/>\n     <span class=\"wpcf7-form-control-wrap nome-empresa\"><input type=\"text\" name=\"nome-empresa\" value=\"\" size=\"40\" class=\"wpcf7-form-control wpcf7-text\" aria-invalid=\"false\" \/><\/span><\/label><\/p>\n<p><label> Nome do Contato<br \/>\n     <span class=\"wpcf7-form-control-wrap nome-contato\"><input type=\"text\" name=\"nome-contato\" value=\"\" size=\"40\" class=\"wpcf7-form-control wpcf7-text wpcf7-validates-as-required\" aria-required=\"true\" aria-invalid=\"false\" \/><\/span><\/label><\/p>\n<p><label> Seu email<br \/>\n    <span class=\"wpcf7-form-control-wrap your-email\"><input type=\"email\" name=\"your-email\" value=\"\" size=\"40\" class=\"wpcf7-form-control wpcf7-text wpcf7-email wpcf7-validates-as-required wpcf7-validates-as-email\" aria-required=\"true\" aria-invalid=\"false\" \/><\/span> <\/label><\/p>\n<p><label> Telefone<br \/>\n     <span class=\"wpcf7-form-control-wrap number-ddd\"><input type=\"tel\" name=\"number-ddd\" value=\"\" size=\"40\" class=\"wpcf7-form-control wpcf7-text wpcf7-tel wpcf7-validates-as-tel f-ddd\" aria-invalid=\"false\" \/><\/span><span class=\"wpcf7-form-control-wrap fone-numero\"><input type=\"tel\" name=\"fone-numero\" value=\"\" size=\"40\" class=\"wpcf7-form-control wpcf7-text wpcf7-tel wpcf7-validates-as-tel f-number\" aria-invalid=\"false\" \/><\/span><br \/>\n     <span class=\"wpcf7-form-control-wrap whatsapp\"><span class=\"wpcf7-form-control wpcf7-checkbox\"><span class=\"wpcf7-list-item first last\"><input type=\"checkbox\" name=\"whatsapp[]\" value=\"n\u00ba com Whatsapp\" \/><span class=\"wpcf7-list-item-label\">n\u00ba com Whatsapp<\/span><\/span><\/span><\/span><\/label><\/p>\n<p><label> Campo de Descri\u00e7\u00e3o<br \/>\n    <span class=\"wpcf7-form-control-wrap your-message\"><textarea name=\"your-message\" cols=\"40\" rows=\"10\" class=\"wpcf7-form-control wpcf7-textarea wpcf7-validates-as-required\" aria-required=\"true\" aria-invalid=\"false\"><\/textarea><\/span> <\/label><\/p>\n<p><input type=\"submit\" value=\"enviar\" class=\"wpcf7-form-control has-spinner wpcf7-submit\" \/><\/p>\n<div class=\"wpcf7-response-output\" aria-hidden=\"true\"><\/div><\/form><\/div><\/div>\n\t\t\t\t<\/div>\n\t\t\t\t<\/div>\n\t\t\t\t\t\t<\/div>\n\t\t\t\t\t<\/div>\n\t\t<\/div>\n\t\t\t\t<div class=\"elementor-column elementor-col-50 elementor-top-column elementor-element elementor-element-jthzoqj\" data-id=\"jthzoqj\" data-element_type=\"column\">\n\t\t\t<div class=\"elementor-column-wrap\">\n\t\t\t\t\t\t\t<div class=\"elementor-widget-wrap\">\n\t\t\t\t\t\t\t\t<\/div>\n\t\t\t\t\t<\/div>\n\t\t<\/div>\n\t\t\t\t\t\t\t\t<\/div>\n\t\t\t\t\t<\/div>\n\t\t<\/section>\n\t\t\t\t<section class=\"elementor-section elementor-top-section elementor-element elementor-element-60m1suv elementor-section-boxed elementor-section-height-default elementor-section-height-default\" data-id=\"60m1suv\" data-element_type=\"section\">\n\t\t\t\t\t\t<div class=\"elementor-container elementor-column-gap-default\">\n\t\t\t\t\t\t\t<div class=\"elementor-row\">\n\t\t\t\t\t<div class=\"elementor-column elementor-col-33 elementor-top-column elementor-element elementor-element-in0w27q\" data-id=\"in0w27q\" data-element_type=\"column\">\n\t\t\t<div class=\"elementor-column-wrap elementor-element-populated\">\n\t\t\t\t\t\t\t<div class=\"elementor-widget-wrap\">\n\t\t\t\t\t\t<div class=\"elementor-element elementor-element-sp1sqar elementor-widget elementor-widget-global elementor-global-1549 elementor-widget-text-editor\" data-id=\"sp1sqar\" data-element_type=\"widget\" data-widget_type=\"text-editor.default\">\n\t\t\t\t<div class=\"elementor-widget-container\">\n\t\t\t\t\t\t\t\t<div class=\"elementor-text-editor elementor-clearfix\">\n\t\t\t\t<p><strong style=\"font-size: 1rem;\">ACRE<\/strong><\/p>\n<p>Rua Isaac Benchimol 120, Distrito Industrial &#8211; Rio Branco &#8211; AC, 69920-184<br>CNPJ: 04.563.672\/0007-51<\/p>\n<p><br><\/p>\n<p><\/p>\n<p><strong>AMAZONAS<\/strong><br>Rua Rio Quixito 86, Vila Buriti &#8211; Manaus &#8211; AM, 69072-070<br>CNPJ: 04.563.672\/0001-66<\/p>\n<p><br><\/p>\n<p><\/p>\n<p><strong>AMAP\u00c1<\/strong><br>Rod. de Duca Serra s\/n, Cabalzinho &#8211; Macap\u00e1 &#8211; AP, 68906-801 <br>CNPJ: 04.563.672\/0018-04<\/p>\t\t\t\t\t<\/div>\n\t\t\t\t\t\t<\/div>\n\t\t\t\t<\/div>\n\t\t\t\t\t\t<\/div>\n\t\t\t\t\t<\/div>\n\t\t<\/div>\n\t\t\t\t<div class=\"elementor-column elementor-col-33 elementor-top-column elementor-element elementor-element-p6rxjok\" data-id=\"p6rxjok\" data-element_type=\"column\">\n\t\t\t<div class=\"elementor-column-wrap elementor-element-populated\">\n\t\t\t\t\t\t\t<div class=\"elementor-widget-wrap\">\n\t\t\t\t\t\t<div class=\"elementor-element elementor-element-gc2fqeq elementor-widget elementor-widget-global elementor-global-1551 elementor-widget-text-editor\" data-id=\"gc2fqeq\" data-element_type=\"widget\" data-widget_type=\"text-editor.default\">\n\t\t\t\t<div class=\"elementor-widget-container\">\n\t\t\t\t\t\t\t\t<div class=\"elementor-text-editor elementor-clearfix\">\n\t\t\t\t<p><strong style=\"font-size: 1rem;\">MATO GROSSO<\/strong><\/p>\n<p><strong>Base 1 &#8211; Fog\u00e1s:<\/strong><\/p>\n<p>Rua O, s\/n &#8211; Distrito Industrial &#8211; Cuiab\u00e1 &#8211; MT, 78098-410<br>CNPJ: 04.563.672\/0019-95<\/p><p><br><\/p>\n<p><strong>Base 2 (Antiga Liquig\u00e1s):<\/strong><\/p>\n<p>Rua N, 1456 &#8211; Distrito Industrial &#8211; Cuiab\u00e1 &#8211; MT,&nbsp; 78098-480<\/p>\n<p>CNPJ: 04.563.672\/0026-14<\/p><p><br><\/p>\n<p><\/p>\n<p><strong>PAR\u00c1<\/strong><br>Av. Cuiab\u00e1 BR 163, Lote 5 &#8211; Sal\u00e9, Santar\u00e9m &#8211; PA, 68040-400<br>CNPJ: 04.563.672\/ 0005-90<\/p>\t\t\t\t\t<\/div>\n\t\t\t\t\t\t<\/div>\n\t\t\t\t<\/div>\n\t\t\t\t\t\t<\/div>\n\t\t\t\t\t<\/div>\n\t\t<\/div>\n\t\t\t\t<div class=\"elementor-column elementor-col-33 elementor-top-column elementor-element elementor-element-z1mcou6\" data-id=\"z1mcou6\" data-element_type=\"column\">\n\t\t\t<div class=\"elementor-column-wrap elementor-element-populated\">\n\t\t\t\t\t\t\t<div class=\"elementor-widget-wrap\">\n\t\t\t\t\t\t<div class=\"elementor-element elementor-element-32oq9ig elementor-widget elementor-widget-global elementor-global-1553 elementor-widget-text-editor\" data-id=\"32oq9ig\" data-element_type=\"widget\" data-widget_type=\"text-editor.default\">\n\t\t\t\t<div class=\"elementor-widget-container\">\n\t\t\t\t\t\t\t\t<div class=\"elementor-text-editor elementor-clearfix\">\n\t\t\t\t<p><strong style=\"font-size: 1rem;\">RORAIMA<\/strong><\/p>\n<p>Rua Hildegardo Bantim 1251, Distrito Industrial &#8211; Boa Vista &#8211; RR, 69315-305<br>CNPJ: 04.563.672\/0012-19<\/p>\n<p><br><\/p>\n<p><\/p>\n<p><strong>R<\/strong><strong>OND\u00d4NIA<\/strong><br>Av. Dos Imigrantes 101, S\u00e3o Sebasti\u00e3o &#8211; Porto Velho &#8211; RO, 76801-799<br>CNPJ: 04.563.672\/0004-09<\/p>\n<p><br><\/p>\n<p><\/p>\n<p><strong>S\u00c3O JOS\u00c9 DOS CAMPOS<\/strong><br>Av. Presidente Tancredo Neves, 1200 &#8211; Jardim Americano &#8211; S\u00e3o Jos\u00e9 dos Campos &#8211; SP,&nbsp;<\/p><p>12225-011<br>CNPJ: 04.563.672\/0029-67<\/p>\t\t\t\t\t<\/div>\n\t\t\t\t\t\t<\/div>\n\t\t\t\t<\/div>\n\t\t\t\t\t\t<\/div>\n\t\t\t\t\t<\/div>\n\t\t<\/div>\n\t\t\t\t\t\t\t\t<\/div>\n\t\t\t\t\t<\/div>\n\t\t<\/section>\n\t\t\t\t\t\t<\/div>\n\t\t\t\t\t\t<\/div>\n\t\t\t\t\t<\/div>\n\t\t","protected":false},"excerpt":{"rendered":"<p>Contato Nossa Central de Relacionamento Selecione uma Op\u00e7\u00e3o Revendedor Consumidor Granel Fornecedor Trabalhe Conosco Programa de Integridade Privacidade de Dados Central de Relacionamento 0800 709 9292 \u00a0 Endere\u00e7os Fog\u00e1s: \u00a0 ACRERua Isaac Benchimol 120, Distrito Industrial &#8211; Rio Branco &#8211; AC, 69920-184CNPJ: 04.563.672\/0007-51 \u00a0 AMAZONASRua Rio Quixito 86, Vila Buriti &#8211; Manaus &#8211; AM, 69072-070CNPJ: &hellip; <a href=\"https:\/\/fogas.com.br\/?page_id=1274\">Continued<\/a><\/p>\n","protected":false},"author":1,"featured_media":0,"parent":0,"menu_order":0,"comment_status":"closed","ping_status":"closed","template":"","meta":{"footnotes":""},"class_list":["post-1274","page","type-page","status-publish","hentry"],"_links":{"self":[{"href":"https:\/\/fogas.com.br\/index.php?rest_route=\/wp\/v2\/pages\/1274","targetHints":{"allow":["GET"]}}],"collection":[{"href":"https:\/\/fogas.com.br\/index.php?rest_route=\/wp\/v2\/pages"}],"about":[{"href":"https:\/\/fogas.com.br\/index.php?rest_route=\/wp\/v2\/types\/page"}],"author":[{"embeddable":true,"href":"https:\/\/fogas.com.br\/index.php?rest_route=\/wp\/v2\/users\/1"}],"replies":[{"embeddable":true,"href":"https:\/\/fogas.com.br\/index.php?rest_route=%2Fwp%2Fv2%2Fcomments&post=1274"}],"version-history":[{"count":9,"href":"https:\/\/fogas.com.br\/index.php?rest_route=\/wp\/v2\/pages\/1274\/revisions"}],"predecessor-version":[{"id":4525,"href":"https:\/\/fogas.com.br\/index.php?rest_route=\/wp\/v2\/pages\/1274\/revisions\/4525"}],"wp:attachment":[{"href":"https:\/\/fogas.com.br\/index.php?rest_route=%2Fwp%2Fv2%2Fmedia&parent=1274"}],"curies":[{"name":"wp","href":"https:\/\/api.w.org\/{rel}","templated":true}]}}